{"id":1012,"date":"2023-08-14T17:46:37","date_gmt":"2023-08-14T15:46:37","guid":{"rendered":"https:\/\/murter-amfora.com\/o-destinaciji\/"},"modified":"2025-04-28T19:49:20","modified_gmt":"2025-04-28T17:49:20","slug":"o-destinaciji","status":"publish","type":"page","link":"https:\/\/murter-amfora.com\/de\/o-destinaciji\/","title":{"rendered":"\u00dcber Destinationen"},"content":{"rendered":"<p>Die Insel Murter \u2013 begeistert mit Ihrer unbglaublichen Vielf\u00e4llt derNatur, sch\u00f6nen Sand- und Kiesstr\u00e4nden, kleinen buchten und vorgelagerten Inseln. Der Tourismus hat eine lange Tradition. Entsprechend vielf\u00e4ltig ist das Angebot an Unterk\u00fcnften.  <\/p>\n<p>Murtergeh\u00f6rt zuder Gruppe derNorddalmatinischen Inseln und ist die gr\u00f6\u00dfteInsel imArchipel von Sibenik. Getrenntvom Festlanddurch einen schmalen Kanalbei Tisno.Murterist durch eine Hebebr\u00fcckeseit dem Jahr 1832 mit dem Festlandverbunden. Der h\u00f6chste Gipfelist der Berg Radu\u010d. Dieser bietet einen atemberaubendenBlick auf die Insel selbstund vorgelagerten Inseln bis hin zu den Kornaten.<\/p>\n<p>Die Insel ist umgeben von den gro\u00dfen dalmatinischen St\u00e4dtenSibenik(28 km), Zadar (56 km) und Split (100 km). Auf der Insel gibt es die vier kleine OrtschaftenMurter, Betina, Tisno und Jezera.Murterwar ein kulturelles Zentrum in der R\u00f6merzeit. Dies belegen zahlreiche \u00dcberreste historischen Erbes.Die Insel wurde zum ersten Mal unter dem Namen Scardon vom griechischen Wissenschaftler Ptolem\u00e4us erw\u00e4hnt. Ehemals wurde die Insel im kroatischen Sprachgebrauch \u201eSrimac\u201c (Srima\u010d) genannt und findet seine erstmalige Erw\u00e4hnung im Jahr 1.251. Seinerzeit waren auf der Insel nur zwei Orte. Auf der Nordseite Murters das \u201eGro\u00dfes Dorf\u201c (Villa Magna) \u2013 heuteMurter \u2013undauf der S\u00fcdseite das heutige Jezera.Betina und Tisno entstanden im 15. Jahrhundertals die Fl\u00fcchtlinge vom Festland Schutz vor den Osmanen suchten. Im Jahr 1740erhielt die Insel Murterseinen heutigen Namen  <\/p>\n<p>Die Bewohner der Insel waren lange Zeit in der Fischerei, Landwirtschaft, Viehzucht und dem Schiffbau besch\u00e4ftigt w\u00e4hrend heute der Tourismus zur h\u00e4ufigsten Einnahmequelle der Bewohner z\u00e4hlt. <\/p>\n<p>Die Anf\u00e4nge des Tourismus auf der Insel Murtersind auf die zwanziger Jahrezur\u00fcckzuf\u00fchren, als die ersten Touristen in Tisno ankamen. Eine Unterkunft l\u00e4sst sich in einigen Hotels, vielz\u00e4hligen Appartements, verschiedenen Campingpl\u00e4tzen oder in einemder traditionellen Fischerh\u00e4uschen auf den umliegenden Inseln und den Kornatenfinden. Murterverf\u00fcgt au\u00dferdem \u00fcber verschiedene Einrichtungen f\u00fcr Sport und Freizeit, eine Tauch-, Segel- und Reitschule. F\u00fcr das leibliche Wohl stehen eine gro\u00dfe Auswahl an Restaurants und Bars zur Verf\u00fcgung.   <\/p>\n<p>Unber\u00fchrte Natur, traditionelle Architektur, die Traditionen der Insel, kristallklares Wasser, Str\u00e4nde, versteckte Buchten und Inselchen, zahlreiche Unterk\u00fcnfte und Gastfreundschaftladen auf diese dieser einzigartige Insel ein.<\/p>\n","protected":false},"excerpt":{"rendered":"<p>Die Insel Murter \u2013 begeistert mit Ihrer unbglaublichen Vielf\u00e4llt derNatur, sch\u00f6nen Sand- und Kiesstr\u00e4nden, kleinen buchten und vorgelagerten Inseln. Der Tourismus hat eine lange Tradition. Entsprechend vielf\u00e4ltig ist das Angebot an Unterk\u00fcnften. Murtergeh\u00f6rt zuder Gruppe derNorddalmatinischen Inseln und ist die gr\u00f6\u00dfteInsel imArchipel von Sibenik. Getrenntvom Festlanddurch einen schmalen Kanalbei Tisno.Murterist durch eine Hebebr\u00fcckeseit dem Jahr [&hellip;]<\/p>\n","protected":false},"author":1,"featured_media":0,"parent":0,"menu_order":0,"comment_status":"closed","ping_status":"closed","template":"template-destinacija-arhiva.php","meta":{"_acf_changed":false,"inline_featured_image":false,"footnotes":""},"class_list":["post-1012","page","type-page","status-publish","hentry"],"acf":[],"_links":{"self":[{"href":"https:\/\/murter-amfora.com\/de\/wp-json\/wp\/v2\/pages\/1012","targetHints":{"allow":["GET"]}}],"collection":[{"href":"https:\/\/murter-amfora.com\/de\/wp-json\/wp\/v2\/pages"}],"about":[{"href":"https:\/\/murter-amfora.com\/de\/wp-json\/wp\/v2\/types\/page"}],"author":[{"embeddable":true,"href":"https:\/\/murter-amfora.com\/de\/wp-json\/wp\/v2\/users\/1"}],"replies":[{"embeddable":true,"href":"https:\/\/murter-amfora.com\/de\/wp-json\/wp\/v2\/comments?post=1012"}],"version-history":[{"count":7,"href":"https:\/\/murter-amfora.com\/de\/wp-json\/wp\/v2\/pages\/1012\/revisions"}],"predecessor-version":[{"id":3822,"href":"https:\/\/murter-amfora.com\/de\/wp-json\/wp\/v2\/pages\/1012\/revisions\/3822"}],"wp:attachment":[{"href":"https:\/\/murter-amfora.com\/de\/wp-json\/wp\/v2\/media?parent=1012"}],"curies":[{"name":"wp","href":"https:\/\/api.w.org\/{rel}","templated":true}]}}