{"id":336,"date":"2023-08-23T13:44:55","date_gmt":"2023-08-23T11:44:55","guid":{"rendered":"https:\/\/murter-amfora.com\/naslovnica\/"},"modified":"2026-03-04T13:54:59","modified_gmt":"2026-03-04T12:54:59","slug":"naslovnica","status":"publish","type":"page","link":"https:\/\/murter-amfora.com\/de\/","title":{"rendered":"Insel Murter"},"content":{"rendered":"<div>Willkommen bei Amfora Murter \u2013 Ihrer zuverl\u00e4ssigen Reiseagentur und Bootsvermietung im Herzen Dalmatiens.<\/div>\n<div dir=\"auto\">Wir bieten sichere und zuverl\u00e4ssige Schnellboote und traditionelle Boote zur Erkundung des Murter-Archipels und der Kornaten, mit professioneller Unterst\u00fctzung und einfacher Buchung.<\/div>\n<div dir=\"auto\">Au\u00dferdem bieten wir hochwertige Apartments in attraktiven Lagen an. G\u00e4ste, die eine Unterkunft bei uns buchen, erhalten Erm\u00e4\u00dfigungen auf Bootsverleih, Fahrradverleih und organisierte Ausfl\u00fcge.<\/div>\n<div dir=\"auto\">Erleben Sie Murter vom Land und vom Meer aus mit professionellem und freundlichem Service.<\/div>\n<div dir=\"auto\">Amfora Murter \u2013 Alles f\u00fcr Ihren perfekten Urlaub an einem Ort.<\/div>\n<div dir=\"auto\">Unsere Agentur ist den ganzen Tag, 7 Tage die Woche ge\u00f6ffnet, und wir stehen Ihnen jederzeit f\u00fcr Informationen und Unterst\u00fctzung zur Verf\u00fcgung.<\/div>\n<div><\/div>\n","protected":false},"excerpt":{"rendered":"<p>Willkommen bei Amfora Murter \u2013 Ihrer zuverl\u00e4ssigen Reiseagentur und Bootsvermietung im Herzen Dalmatiens. Wir bieten sichere und zuverl\u00e4ssige Schnellboote und traditionelle Boote zur Erkundung des Murter-Archipels und der Kornaten, mit professioneller Unterst\u00fctzung und einfacher Buchung. Au\u00dferdem bieten wir hochwertige Apartments in attraktiven Lagen an. G\u00e4ste, die eine Unterkunft bei uns buchen, erhalten Erm\u00e4\u00dfigungen auf Bootsverleih, [&hellip;]<\/p>\n","protected":false},"author":1,"featured_media":0,"parent":0,"menu_order":0,"comment_status":"closed","ping_status":"closed","template":"template-naslovna.php","meta":{"_acf_changed":false,"inline_featured_image":false,"footnotes":""},"class_list":["post-336","page","type-page","status-publish","hentry"],"acf":[],"_links":{"self":[{"href":"https:\/\/murter-amfora.com\/de\/wp-json\/wp\/v2\/pages\/336","targetHints":{"allow":["GET"]}}],"collection":[{"href":"https:\/\/murter-amfora.com\/de\/wp-json\/wp\/v2\/pages"}],"about":[{"href":"https:\/\/murter-amfora.com\/de\/wp-json\/wp\/v2\/types\/page"}],"author":[{"embeddable":true,"href":"https:\/\/murter-amfora.com\/de\/wp-json\/wp\/v2\/users\/1"}],"replies":[{"embeddable":true,"href":"https:\/\/murter-amfora.com\/de\/wp-json\/wp\/v2\/comments?post=336"}],"version-history":[{"count":3,"href":"https:\/\/murter-amfora.com\/de\/wp-json\/wp\/v2\/pages\/336\/revisions"}],"predecessor-version":[{"id":7877,"href":"https:\/\/murter-amfora.com\/de\/wp-json\/wp\/v2\/pages\/336\/revisions\/7877"}],"wp:attachment":[{"href":"https:\/\/murter-amfora.com\/de\/wp-json\/wp\/v2\/media?parent=336"}],"curies":[{"name":"wp","href":"https:\/\/api.w.org\/{rel}","templated":true}]}}