{"id":3834,"date":"2023-09-07T10:07:50","date_gmt":"2023-09-07T08:07:50","guid":{"rendered":"https:\/\/murter-amfora.com\/o-destinaciji\/aktivitaeten\/"},"modified":"2023-09-07T10:07:50","modified_gmt":"2023-09-07T08:07:50","slug":"aktivitaeten","status":"publish","type":"page","link":"https:\/\/murter-amfora.com\/de\/o-destinaciji\/aktivitaeten\/","title":{"rendered":"Aktivit\u00e4ten"},"content":{"rendered":"<div class=\"right-text2\">\n<h3>Ausfl\u00fcge zu den NP Kornaten<\/h3>\n<p>Wir bieten zwei Arten von Ausfl\u00fcgen an. Erstens einen organisierten Ganztagesausflug zu den Kornaten mit einem gr\u00f6\u00dferen Touristenboot, der einen F\u00fchrer und Mittagessen beinhaltet. Zweitens einen Ausflug zu den Kornaten oder eine k\u00fcrzere Tour durch den Murter-Archipel mit einem Schnellboot f\u00fcr kleinere Gruppen. Bei dieser Variante sind Sie allein mit einem Skipper auf dem Boot&#8230;  <\/p>\n<\/div>\n","protected":false},"excerpt":{"rendered":"<p>Ausfl\u00fcge zu den NP Kornaten Wir bieten zwei Arten von Ausfl\u00fcgen an. Erstens einen organisierten Ganztagesausflug zu den Kornaten mit einem gr\u00f6\u00dferen Touristenboot, der einen F\u00fchrer und Mittagessen beinhaltet. Zweitens einen Ausflug zu den Kornaten oder eine k\u00fcrzere Tour durch den Murter-Archipel mit einem Schnellboot f\u00fcr kleinere Gruppen. Bei dieser Variante sind Sie allein mit [&hellip;]<\/p>\n","protected":false},"author":1,"featured_media":0,"parent":1012,"menu_order":0,"comment_status":"closed","ping_status":"closed","template":"template-izleti-arhiva.php","meta":{"_acf_changed":false,"inline_featured_image":false,"footnotes":""},"class_list":["post-3834","page","type-page","status-publish","hentry"],"acf":[],"_links":{"self":[{"href":"https:\/\/murter-amfora.com\/de\/wp-json\/wp\/v2\/pages\/3834","targetHints":{"allow":["GET"]}}],"collection":[{"href":"https:\/\/murter-amfora.com\/de\/wp-json\/wp\/v2\/pages"}],"about":[{"href":"https:\/\/murter-amfora.com\/de\/wp-json\/wp\/v2\/types\/page"}],"author":[{"embeddable":true,"href":"https:\/\/murter-amfora.com\/de\/wp-json\/wp\/v2\/users\/1"}],"replies":[{"embeddable":true,"href":"https:\/\/murter-amfora.com\/de\/wp-json\/wp\/v2\/comments?post=3834"}],"version-history":[{"count":0,"href":"https:\/\/murter-amfora.com\/de\/wp-json\/wp\/v2\/pages\/3834\/revisions"}],"up":[{"embeddable":true,"href":"https:\/\/murter-amfora.com\/de\/wp-json\/wp\/v2\/pages\/1012"}],"wp:attachment":[{"href":"https:\/\/murter-amfora.com\/de\/wp-json\/wp\/v2\/media?parent=3834"}],"curies":[{"name":"wp","href":"https:\/\/api.w.org\/{rel}","templated":true}]}}