{"id":607,"date":"2023-08-14T17:43:32","date_gmt":"2023-08-14T15:43:32","guid":{"rendered":"https:\/\/murter-amfora.com\/?page_id=607"},"modified":"2025-04-28T18:58:02","modified_gmt":"2025-04-28T16:58:02","slug":"so-finden-sie-uns","status":"publish","type":"page","link":"https:\/\/murter-amfora.com\/de\/so-finden-sie-uns\/","title":{"rendered":"So erreichen Sie uns"},"content":{"rendered":"<p>Die Agentur Amfora befindet sich in Betina auf der Insel Murter. Die Insel liegt zwischen den St\u00e4dten \u0160ibenik (30 km) und Zadar (60 km). Sie ist durch eine Br\u00fccke in Tisno mit dem Festland verbunden. Folgen Sie nach der Br\u00fccke der Stra\u00dfe f\u00fcr die n\u00e4chsten f\u00fcnf Kilometer und biegen Sie nach Betina links ab. Folgen Sie der Hauptstra\u00dfe etwa 1 km, bis Sie das Schild \u201eAmfora-Reiseb\u00fcro\u201c sehen.    <\/p>\n<p>Reiseb\u00fcro und Bootsverleih \u2013 Amfora Adresse: Branimirova 7, Betina, Insel Murter<\/p>\n<p>Gute Reise!<\/p>\n","protected":false},"excerpt":{"rendered":"<p>Die Agentur Amfora befindet sich in Betina auf der Insel Murter. Die Insel liegt zwischen den St\u00e4dten \u0160ibenik (30 km) und Zadar (60 km). Sie ist durch eine Br\u00fccke in Tisno mit dem Festland verbunden. Folgen Sie nach der Br\u00fccke der Stra\u00dfe f\u00fcr die n\u00e4chsten f\u00fcnf Kilometer und biegen Sie nach Betina links ab. Folgen [&hellip;]<\/p>\n","protected":false},"author":1,"featured_media":0,"parent":0,"menu_order":0,"comment_status":"closed","ping_status":"closed","template":"template-kako.php","meta":{"_acf_changed":false,"inline_featured_image":false,"footnotes":""},"class_list":["post-607","page","type-page","status-publish","hentry"],"acf":[],"_links":{"self":[{"href":"https:\/\/murter-amfora.com\/de\/wp-json\/wp\/v2\/pages\/607","targetHints":{"allow":["GET"]}}],"collection":[{"href":"https:\/\/murter-amfora.com\/de\/wp-json\/wp\/v2\/pages"}],"about":[{"href":"https:\/\/murter-amfora.com\/de\/wp-json\/wp\/v2\/types\/page"}],"author":[{"embeddable":true,"href":"https:\/\/murter-amfora.com\/de\/wp-json\/wp\/v2\/users\/1"}],"replies":[{"embeddable":true,"href":"https:\/\/murter-amfora.com\/de\/wp-json\/wp\/v2\/comments?post=607"}],"version-history":[{"count":2,"href":"https:\/\/murter-amfora.com\/de\/wp-json\/wp\/v2\/pages\/607\/revisions"}],"predecessor-version":[{"id":3779,"href":"https:\/\/murter-amfora.com\/de\/wp-json\/wp\/v2\/pages\/607\/revisions\/3779"}],"wp:attachment":[{"href":"https:\/\/murter-amfora.com\/de\/wp-json\/wp\/v2\/media?parent=607"}],"curies":[{"name":"wp","href":"https:\/\/api.w.org\/{rel}","templated":true}]}}