{"id":613,"date":"2023-08-14T17:44:45","date_gmt":"2023-08-14T15:44:45","guid":{"rendered":"https:\/\/murter-amfora.com\/?page_id=613"},"modified":"2025-06-09T13:00:30","modified_gmt":"2025-06-09T11:00:30","slug":"kontakt","status":"publish","type":"page","link":"https:\/\/murter-amfora.com\/de\/kontakt\/","title":{"rendered":"Kontakt"},"content":{"rendered":"<p>REISEBURO &#8222;AMFORA&#8220;<\/p>\n<p>ADRESSE: Branimirova 7, 22 244 Betina ( Insel Murter )<\/p>\n<p>ID-code: HR-AB-22-15010006394<\/p>\n<p>E-mail: murteramfora@gmail.com<\/p>\n<p>Andrija Bili\u0107 , GSM: 00385 91 507 8409<\/p>\n<p>\u017deljko \u0160andri\u0107 , GSM: 00385 98 879 541<\/p>\n<p>Tel.\/Fax : 00385 22 434 221<\/p>\n<p>Reiseb\u00fcro \u201cAMFORA\u201d ist in Betina befindet auf der Insel Murter. Wir k\u00f6nnen Ihnen eine angemessene Unterkunft, Ausflug nach Kornati, ein Boot mieten, ein Fahrrad mieten \u2026<br \/>\nB\u00fcro ist von Juni 01 bis Ende September t\u00e4glich von 09.00 Uhr bis 20.00 Uhr, aber Sie k\u00f6nnen uns w\u00e4hrend der ganzen Jahre \u00fcber Telefon, Skype oder Web-Mail.<\/p>\n","protected":false},"excerpt":{"rendered":"<p>REISEBURO &#8222;AMFORA&#8220; ADRESSE: Branimirova 7, 22 244 Betina ( Insel Murter ) ID-code: HR-AB-22-15010006394 E-mail: murteramfora@gmail.com Andrija Bili\u0107 , GSM: 00385 91 507 8409 \u017deljko \u0160andri\u0107 , GSM: 00385 98 879 541 Tel.\/Fax : 00385 22 434 221 Reiseb\u00fcro \u201cAMFORA\u201d ist in Betina befindet auf der Insel Murter. Wir k\u00f6nnen Ihnen eine angemessene Unterkunft, Ausflug [&hellip;]<\/p>\n","protected":false},"author":1,"featured_media":0,"parent":0,"menu_order":0,"comment_status":"closed","ping_status":"closed","template":"template-kontakt.php","meta":{"_acf_changed":false,"inline_featured_image":false,"footnotes":""},"class_list":["post-613","page","type-page","status-publish","hentry"],"acf":[],"_links":{"self":[{"href":"https:\/\/murter-amfora.com\/de\/wp-json\/wp\/v2\/pages\/613","targetHints":{"allow":["GET"]}}],"collection":[{"href":"https:\/\/murter-amfora.com\/de\/wp-json\/wp\/v2\/pages"}],"about":[{"href":"https:\/\/murter-amfora.com\/de\/wp-json\/wp\/v2\/types\/page"}],"author":[{"embeddable":true,"href":"https:\/\/murter-amfora.com\/de\/wp-json\/wp\/v2\/users\/1"}],"replies":[{"embeddable":true,"href":"https:\/\/murter-amfora.com\/de\/wp-json\/wp\/v2\/comments?post=613"}],"version-history":[{"count":4,"href":"https:\/\/murter-amfora.com\/de\/wp-json\/wp\/v2\/pages\/613\/revisions"}],"predecessor-version":[{"id":4802,"href":"https:\/\/murter-amfora.com\/de\/wp-json\/wp\/v2\/pages\/613\/revisions\/4802"}],"wp:attachment":[{"href":"https:\/\/murter-amfora.com\/de\/wp-json\/wp\/v2\/media?parent=613"}],"curies":[{"name":"wp","href":"https:\/\/api.w.org\/{rel}","templated":true}]}}