{"id":622,"date":"2023-08-14T17:44:24","date_gmt":"2023-08-14T15:44:24","guid":{"rendered":"https:\/\/murter-amfora.com\/?page_id=622"},"modified":"2023-09-15T18:13:57","modified_gmt":"2023-09-15T16:13:57","slug":"allgemeine-geschaeftsbedingungen","status":"publish","type":"page","link":"https:\/\/murter-amfora.com\/de\/allgemeine-geschaeftsbedingungen\/","title":{"rendered":"Allgemeine Gesch\u00e4ftsbedingungen"},"content":{"rendered":"<p>Regeln und Bedingungen f\u00fcr Reservationen<br \/>\nAllgemeine Gesch\u00e4ftsbedinungen f\u00fcr Unterkunftsvermietung<\/p>\n<p>1. Angebot<br \/>\nDas Reiseb\u00fcro Amfora vermittelt zwischen den Gast und den Dienstgeber, versichert die Dienstleistungen gem\u00e4\u03b2 den angezeigten Informationen auf den Seiten http:\/\/www.murter-amfora.com und den Termin der der best\u00e4tigten Reservation entspricht, ausser besonderen Ereignissen oder h\u00f6herer Gewalt.<\/p>\n<p>* Mit h\u00f6herer Gewalt werden Umst\u00e4nde bezeichnet, auf die man keinen Einfluss aus\u00fcben kann, weil sie unvorhersehbar sind und deshalb auch nicht beseitigt werden k\u00f6nnen (Erdbeben, \u00dcberschwemmungen, Feuer, Trockenheit, Streik, terroristische Aktionen, Kriege, Tod des Anbieters der Leistung, Todesfall in seinem engsten Familienkreis).<\/p>\n<p>2. Reservation und Zahlung<br \/>\nDie Anfragen f\u00fcr die Unterk\u00fcnftsbuchung geschehen auf elektronischem Wege mit Ausf\u00fchlung der Formularfelder auf unseren Webseiten, per Fax oder pers\u00f6nliich im Reiseb\u00fcro. F\u00fcr die Buchung ist eine Zahlung von Deposit in H\u00f6he 30% des ganzen Betrags erforderlich, in der Frist von max. 3 Tage nach der Annahme des Angebots.(Bitte, die Bankbescheinigung der Anzahlung an uns zu faxen). Nachdem wir Ihre Anzahlung empfangen, erhalten Sie die Reservationbest\u00e4tigung, eine Detailberechnung und andere Anweisungen.<br \/>\nDie Restbezahlung und die Kurtaxe bezahlt mann an der Rezeption des Reiseb\u00fcros am Tag der Ankunft.<\/p>\n<p>3. Ortstaxe<br \/>\nGem\u00e4\u00df dem Gesetz \u00fcber die Ortstaxe der Republik Kroatien sollen G\u00e4ste die Ortstaxe gleichzeitig mit der Unterkunft bezahlen, an der Rezeption der Reiseagentur. Die Ortstaxe betr\u00e4gt zwischen 4,50 und 7 Kuna pro erwachsener Person und Tag, Jugendliche zwischen 12-em und 18-em Geburtstag erhalten einen Preisnachlass von 50 % auf diesen Betrag, w\u00e4hrend Kinder bis zum 12-ten Geburtstag keine Ortstaxe bezahlen.<\/p>\n<p>4. Preis der Unterkunft<br \/>\nDie Preise sind bei jeder Unterkunftseinheit angegeben und beeintragen die Grunddienste wie es beschrieben ist, bei der Aufenthalt l\u00e4nger als drei Tage. Bei der Aufenthalt weniger als 4 Tage, der Preis erh\u00f6ht sich um 30%. Die Preise sind in EURO gegeben.<\/p>\n<p>Der Preis beinhaltet: Unterkunft t\u00e4glich, Bettw\u00e4sche\/ Badet\u00fccherwechslung einmal pro Woche, Strom\/Wasserverbrauch, Essbesteck, K\u00fcchezubeh\u00f6r ( in Apartements ), Reinigenzubeh\u00f6r, endliche Reinigung.<\/p>\n<p>Besondere Dienste sind nicht im Preis einbehalten (Fr\u00fchst\u00fcck, Bootsmiete u.s.w.) und der Gast zahlt sie getrennt. Sonderdienste muss man bei der Reservation verlangen.<\/p>\n<p>Die Preise werden vom Eigent\u00fcmer der Unterk\u00fcnfte festgestellt und es kann zu Preis\u00e4nderungen der angebotenen Preise kommen. G\u00e4sten, die den Vorschuss bezahlt haben, versichert die Agentur den Preis der Unterkunft wie bei der Buchung. Falls die Preis\u00e4nderung kommt vor Anzahlung, die Agentur<br \/>\nwird der Kunde gleich \u00fcber diese Preis\u00e4nderung informieren.<\/p>\n<p>5. Kategoriesirung der Unterkunft<br \/>\nDie angebotenen Unterk\u00fcnfte werden gem\u00e4\u00df der offiziellen Kategorisierung der zust\u00e4ndigen touristischen Institution und auf der Grundlage einer Besichtigung seitens unseres Vertreters vor der Ver\u00f6ffentlichung beschrieben.<br \/>\nDie Standards der Unterkunft, der Nahrung, der Dienstleistungen usw. sind in den einzelnen L\u00e4ndern unterschiedlich und nicht vergleichbar.<br \/>\nDie Informationen, die der Gast in der Verkaufsstelle erh\u00e4lt, binden die Agentur nicht in einem h\u00f6heren Ma\u00dfe als die auf den Internetseiten http:\/\/www.murter-amfora.com angegebenen Informationen.<\/p>\n<p>6. \u00c4nderungen und K\u00fcndigung der Reservation &#8211; Agentur<br \/>\nDie Agentur behaltet das Recht die Reservation zu \u00e4ndern, wenn besondere Ereignisse oder h\u00f6here Gewalt auftreten. Die gebuchte Unterkunft kann umwechselt werden, aber nur dann, wenn der Gast vorg\u00e4ngig informiert ist, und nur in einer Unterkunft die gleichwertig oder h\u00f6herer Kategorie ist, mit dem Preis der bei der Buchung best\u00e4tigt ist.<br \/>\nFalls die Ersatzunterkunft nur in einem Objekt einer h\u00f6heren Kategorie angeboten werden kann und vom Preis her 15% teurer ist als der eingezahlte Buchungspreis, beh\u00e4lt sich die Agentur, in Absprache mit dem Gast, das Recht auf eine Nachzahlung des Preisunterschieds durch den Gast vor.<br \/>\nWenn die Umwechslung nicht m\u00f6glich ist, behaltet die Agentur das Recht der K\u00fcndigung der Buchung. Der Gast muss informiert wird, bevor er die Dienste anf\u00e4ngt zu benutzen, und der bezahlte Vorschuss wird ihm zur\u00fcckbezahlt.<\/p>\n<p>7. \u00c4nderungen und K\u00fcndigung der Reservation &#8211; Reisenden<br \/>\nWenn der Gast die Buchung, die von ihm vorgenommen wurde, k\u00fcndigen will, dann muss dies schriftlich geschehen (per E-Mail, Post oder Fax).<br \/>\n&#8211; Wenn der Gast die Buchung, k\u00fcndigen will, die Agentur hat den Recht die eingezahlte Anzahlung zu behalten.<br \/>\n&#8211; Wenn der Gast nicht in die gebuchte Unterkunftseinheit bis Mitternacht am Tag an dem seine Dienste anfangen kommt, und sich nicht in die Agentur gemeldet hat, betrachtet man die Buchung als gek\u00fcndigt. Im Falle das der Gast die Buchung k\u00fcndigt, hat er kein Recht auf R\u00fcckzahlung des eingezahlten Vorschusses.<\/p>\n<p>8. Pflichten von Agentur und Unterkunftseigner<br \/>\nDie Agentur hat die Pflicht:<br \/>\n&#8211; die Erbringung der vereinbarten Leistung und um die Auswahl der Leistungserbringer zu k\u00fcmmern<br \/>\n&#8211; die Rechte und Interessen der G\u00e4ste zu sch\u00fctzen, \u00fcbereinstimmend den guten Gewohnheiten im Tourismus.<br \/>\nDer Unterkunftseigner verpflichtet sich:<br \/>\n&#8211; die bestellte Unterkunft\/ Leistung zur Verf\u00fcgung stellen<\/p>\n<p>*Die Agentur und der Eigner werden alle angegebenen Pflichten vollst\u00e4ndig und auf dem beschriebenen Wege ausf\u00fchren au\u00dfer im Fall au\u00dfergew\u00f6hnlicher Umst\u00e4nde (h\u00f6here Gewalt).<\/p>\n<p>9. Pflichten des Reisenden<br \/>\nDer Gast verpflichtet sich:<br \/>\n&#8211; g\u00fcltige Reisedokumente zu besitzen,<br \/>\n&#8211; die Zoll- und Devisenvorschriften des Staates, in dem der Urlaubsort liegt, einzuhalten, &#8211; Die f\u00fcr die angemieteten Unterk\u00fcnfte geltende Hausordnung zu beachten und mit den Leistungserbringern in guter Absicht zusammenzuarbeiten<br \/>\n&#8211; bei der Ankunft am Urlaubsort dem Leistungserbringer die Dokumente \u00fcber die bezahlten Leistungen (Originalvoucher \u00fcber den Personenzahl und Leistungen) auszuh\u00e4ndigen.<br \/>\n&#8211; mit der Buchungsbest\u00e4tigung verpflichtet sich der Gast f\u00fcr den Fall, dass er einen irgendwie gearteten Schaden verursacht, dazu, dem Leistungserbringer an Ort und Stelle die Kosten f\u00fcr die Beseitigung des verursachten Schadens zu erstatten.<br \/>\n&#8211; im Falle der Nichteinhaltung dieser Pflichten tr\u00e4gt der Gast die Verantwortung und ist verpflichtet, f\u00fcr den entstandenen Schaden aufzukommen.<br \/>\nDie G\u00e4ste \u00fcbernehmen die Unterkunft nach 14 Uhr am Ankunftstag (check in) und m\u00fcssen die Unterkunft am Abreisetag bis 10 Uhr aufgeben (check out).<\/p>\n<p>10. Gep\u00e4ck<br \/>\nDie Agentur \u00fcbernimmt keine Verantwortung f\u00fcr vernichtetes, besch\u00e4digtes, verlorenes oder gestohlenes Gep\u00e4ck in der Unterkunftseinheit. Besch\u00e4digtes oder gestohlenes Gep\u00e4ck kann man beim Hauseigner oder bei der Polizei anzumelden.<\/p>\n<p>11. Beschwerdel\u00f6sung<br \/>\nDer Gast kann wegen mangelhafter Qualit\u00e4t oder nicht durchgef\u00fchrter, aber bezahlter Dienste die entsprechende Entsch\u00e4digung verlangen. Die Forderung sollte in schriftliche Form sein.<\/p>\n<p>Die Beanstandung ist wie folgt durchzuf\u00fchren:<br \/>\n&#8211; Der Gast muss die nichtentsprechenden Dienste vor Ort beschweren und \u00fcber diese die Agentur mitzuteilen, bzw. mit dem Dienstgeber im guten Wille zusammenarbeiten das die Ursachen der Beschwerde abweisen.<br \/>\nWenn die Beschwerde rechtgefertigt ist, die Agentur verpflichtet sich die Beschwerden zu l\u00f6sen, um eine andere Unterkunft zu finden. Die Agentur oder Hausbesiitzer d\u00fcrfen nicht, im Austausch, die Unterkunft niedrigere Qualit\u00e4t anzubieten. (sofern eine ad\u00e4quate Alternative im gleichen Objekt vorhanden ist, ist der Gast verpflichtet, diese zu akzeptieren).<br \/>\nWenn der Gast vor Ort eine angebotene L\u00f6sung f\u00fcr seine Reklamation, die der bezahlten Leistung entspricht, nicht akzeptiert, wird die Agentur nicht verpflichtet, eine nachtr\u00e4gliche Reklamation des Gastes zu ber\u00fccksichtigen.<br \/>\n&#8211; Falls der Gast verl\u00e4sst die gegebene Unterkunft und findet selbst andere Unterkunft, und l\u00e4sst die Agentur keine Chance das Problem zu l\u00f6sen, hat keine Recht um die Entsch\u00e4digung zu verlangen.<br \/>\n&#8211; Wenn der Gast vor Ort keine Reklamation f\u00fcr die Unterkunft macht, sofort am Tag der Ankunft,<br \/>\nkann nicht das eingezahlte Geld zur\u00fcck bekommen.<\/p>\n<p>12. Zust\u00e4ndiges Gericht<br \/>\nWenn der Gast nicht mit der Beschwerdel\u00f6sung zufrieden ist, hat er das Recht auf ein Gerichtsverfahren. In diesem Falle ist dass Handelsgericht in \u0160ibenik zust\u00e4ndig<\/p>\n<p>13. Bemerkung<br \/>\nMit der Einzahlung des Vorschusses akzeptiert der Gast die Reservationsbedingungen<\/p>\n","protected":false},"excerpt":{"rendered":"<p>Regeln und Bedingungen f\u00fcr Reservationen Allgemeine Gesch\u00e4ftsbedinungen f\u00fcr Unterkunftsvermietung 1. Angebot Das Reiseb\u00fcro Amfora vermittelt zwischen den Gast und den Dienstgeber, versichert die Dienstleistungen gem\u00e4\u03b2 den angezeigten Informationen auf den Seiten http:\/\/www.murter-amfora.com und den Termin der der best\u00e4tigten Reservation entspricht, ausser besonderen Ereignissen oder h\u00f6herer Gewalt. * Mit h\u00f6herer Gewalt werden Umst\u00e4nde bezeichnet, auf die [&hellip;]<\/p>\n","protected":false},"author":2,"featured_media":0,"parent":0,"menu_order":0,"comment_status":"closed","ping_status":"closed","template":"","meta":{"_acf_changed":false,"inline_featured_image":false,"footnotes":""},"class_list":["post-622","page","type-page","status-publish","hentry"],"acf":[],"_links":{"self":[{"href":"https:\/\/murter-amfora.com\/de\/wp-json\/wp\/v2\/pages\/622","targetHints":{"allow":["GET"]}}],"collection":[{"href":"https:\/\/murter-amfora.com\/de\/wp-json\/wp\/v2\/pages"}],"about":[{"href":"https:\/\/murter-amfora.com\/de\/wp-json\/wp\/v2\/types\/page"}],"author":[{"embeddable":true,"href":"https:\/\/murter-amfora.com\/de\/wp-json\/wp\/v2\/users\/2"}],"replies":[{"embeddable":true,"href":"https:\/\/murter-amfora.com\/de\/wp-json\/wp\/v2\/comments?post=622"}],"version-history":[{"count":1,"href":"https:\/\/murter-amfora.com\/de\/wp-json\/wp\/v2\/pages\/622\/revisions"}],"predecessor-version":[{"id":623,"href":"https:\/\/murter-amfora.com\/de\/wp-json\/wp\/v2\/pages\/622\/revisions\/623"}],"wp:attachment":[{"href":"https:\/\/murter-amfora.com\/de\/wp-json\/wp\/v2\/media?parent=622"}],"curies":[{"name":"wp","href":"https:\/\/api.w.org\/{rel}","templated":true}]}}