{"id":633,"date":"2023-08-21T11:11:19","date_gmt":"2023-08-21T09:11:19","guid":{"rendered":"https:\/\/murter-amfora.com\/?page_id=633"},"modified":"2026-03-04T13:37:43","modified_gmt":"2026-03-04T12:37:43","slug":"zahlungsmethoden","status":"publish","type":"page","link":"https:\/\/murter-amfora.com\/de\/zahlungsmethoden\/","title":{"rendered":"Zahlungsmethoden"},"content":{"rendered":"<p>Zahlungsmethoden<\/p>\n<p>HINWEIS: Mit der Buchung einer Unterkunft oder eines Bootes akzeptieren Sie die Allgemeinen Gesch\u00e4ftsbedingungen des Reiseb\u00fcros AMFORA MURTER, die alle Rechte und Pflichten der Agentur und des Reisenden (K\u00e4ufer) festlegen.<\/p>\n<p>Die aufgef\u00fchrten Preise gelten bei Barzahlung.<\/p>\n<p>ZAHLUNGSART:<br \/>\n1. Barzahlung, Internetbanking, allgemeine Einzahlungsscheine (30 % Anzahlung bei Buchung, Rest am Anreisetag)<br \/>\n2. Karten &#8211; Zus\u00e4tzliche Kosten sind m\u00f6glich &#8211; 3% Bankgeb\u00fchr<br \/>\n3. Pay-Pal<\/p>\n<p>DATENSCHUTZERKL\u00c4RUNG T<br \/>\nourismus- und Dienstleistungsunternehmen Amfora Murter verpflichtet sich, die personenbezogenen Daten der Kunden zu sch\u00fctzen, indem nur die notwendigen, grundlegenden Informationen \u00fcber Kunden \/ Benutzer erhoben werden, die zur Erf\u00fcllung unserer Verpflichtungen erforderlich sind; informiert Kunden \u00fcber die Verwendung der erhobenen Daten, gibt Kunden regelm\u00e4\u00dfig die Wahl \u00fcber die Verwendung ihrer Daten, einschlie\u00dflich der M\u00f6glichkeit zu entscheiden, ob ihr Name aus den f\u00fcr Marketingkampagnen verwendeten Listen entfernt werden soll oder nicht. Alle Benutzerdaten werden streng aufbewahrt und stehen nur Mitarbeitern zur Verf\u00fcgung, die diese Daten f\u00fcr ihre Arbeit ben\u00f6tigen. Alle Mitarbeiter von Amfora Murter und Gesch\u00e4ftspartner sind f\u00fcr die Einhaltung der Datenschutzgrunds\u00e4tze verantwortlich.<\/p>\n<p>UMRECHNUNGSERKL\u00c4RUNG:<br \/>\nAlle auf der Website &#8211; Webshop des Reiseb\u00fcros Amfora MurterL angegebenen Preise sind in Euro angegeben.<\/p>\n","protected":false},"excerpt":{"rendered":"<p>Zahlungsmethoden HINWEIS: Mit der Buchung einer Unterkunft oder eines Bootes akzeptieren Sie die Allgemeinen Gesch\u00e4ftsbedingungen des Reiseb\u00fcros AMFORA MURTER, die alle Rechte und Pflichten der Agentur und des Reisenden (K\u00e4ufer) festlegen. Die aufgef\u00fchrten Preise gelten bei Barzahlung. ZAHLUNGSART: 1. Barzahlung, Internetbanking, allgemeine Einzahlungsscheine (30 % Anzahlung bei Buchung, Rest am Anreisetag) 2. Karten &#8211; Zus\u00e4tzliche [&hellip;]<\/p>\n","protected":false},"author":1,"featured_media":0,"parent":0,"menu_order":0,"comment_status":"closed","ping_status":"closed","template":"","meta":{"_acf_changed":false,"inline_featured_image":false,"footnotes":""},"class_list":["post-633","page","type-page","status-publish","hentry"],"acf":[],"_links":{"self":[{"href":"https:\/\/murter-amfora.com\/de\/wp-json\/wp\/v2\/pages\/633","targetHints":{"allow":["GET"]}}],"collection":[{"href":"https:\/\/murter-amfora.com\/de\/wp-json\/wp\/v2\/pages"}],"about":[{"href":"https:\/\/murter-amfora.com\/de\/wp-json\/wp\/v2\/types\/page"}],"author":[{"embeddable":true,"href":"https:\/\/murter-amfora.com\/de\/wp-json\/wp\/v2\/users\/1"}],"replies":[{"embeddable":true,"href":"https:\/\/murter-amfora.com\/de\/wp-json\/wp\/v2\/comments?post=633"}],"version-history":[{"count":3,"href":"https:\/\/murter-amfora.com\/de\/wp-json\/wp\/v2\/pages\/633\/revisions"}],"predecessor-version":[{"id":7891,"href":"https:\/\/murter-amfora.com\/de\/wp-json\/wp\/v2\/pages\/633\/revisions\/7891"}],"wp:attachment":[{"href":"https:\/\/murter-amfora.com\/de\/wp-json\/wp\/v2\/media?parent=633"}],"curies":[{"name":"wp","href":"https:\/\/api.w.org\/{rel}","templated":true}]}}