{"id":647,"date":"2023-08-14T17:41:50","date_gmt":"2023-08-14T15:41:50","guid":{"rendered":"https:\/\/murter-amfora.com\/?page_id=647"},"modified":"2026-03-20T12:09:26","modified_gmt":"2026-03-20T11:09:26","slug":"ausfluegen-kornati-und-murter-archipel","status":"publish","type":"page","link":"https:\/\/murter-amfora.com\/de\/ausfluegen-kornati-und-murter-archipel\/","title":{"rendered":"Ausfl\u00fcgen Kornati und Murter Archipel"},"content":{"rendered":"<p>In unserem Angebot haben wir 2 Reisetypen. Organisierte Tagesausflug in die Kornaten mit gr\u00f6\u00dferen Touristenboot, in dem eine F\u00fchrung und Mittagessen enthalten. Oder ein Ausflug in Kornati und Murter Inselgruppe mit Schnellboot f\u00fcr kleine Gruppen, in dieser Version, die Sie allein auf dem Boot mit einem Skipper sind. Mit Skipper k\u00f6nnen die L\u00e4nge und Art der Reise nach Ihren W\u00fcnschen zu verhandel.<\/p>\n<p>&nbsp;<\/p>\n<p>Ausflug nach Kornati mit Boot Torcida &#8211; 20 m lang, Ausflugsboot perfekt f\u00fcr Gruppen bis zu 50 Personen<\/p>\n<p>Abfahrt vom Haupthafen in Murter um 9.00 Uhr<br \/>\nEintritt in den Nationalpark Kornati um 10:15 Uhr<br \/>\nAusflug auf dem offenen Meer und Besichtigung der Kornati-Inseln und Klippen<br \/>\nStopp zum Schwimmen in Modri Bok Bucht<br \/>\nMittagessen an Bord gegen 12:00 Uhr<br \/>\nDie Hauptpause auf der Insel Levernaka von 13 bis 14:30 Uhr kann zum Schwimmen oder Klettern auf den Gipfel des H\u00fcgels mit einer wundersch\u00f6nen Aussicht auf das Kornaten-Archipel genutzt werden<br \/>\nFahrt entlang der Insel Kornat<br \/>\nVerlassen Sie den Nationalpark Kornati durch die Passage Proversa<br \/>\nFahrt entlang der Insel Zut<br \/>\nStopp 16.20 bis 16.50 Uhr auf der Insel Gangarol f\u00fcr Schwimmen<br \/>\nR\u00fcckkehr nach Murter um 17:00 Uhr<br \/>\nIm Preis inbegriffen: NP Eintrittskarte, Aperitif, Mittagessen, F\u00fchrer, Boot<\/p>\n<p>PREISE:<br \/>\nErwachsene &#8211; 60,00 Eura<br \/>\nKinder (1-12 Jahre) &#8211; 30,00 Euro<\/p>\n<p>&nbsp;<\/p>\n<p>Ausflug mit Schnellbooten \u2013 ideal f\u00fcr kleinere Gruppen oder Familien (1-6 Personen)<\/p>\n<p>Exkursion mit einem Schnellboot f\u00fcr Familien oder Freunde. Nur Sie und der Skipper auf einer Schnelltour um den Nationalpark Kornaten. Sie k\u00f6nnen die Route bestimmen, die Anzahl der Pausen, das Restaurant\u2026<br \/>\nAktivit\u00e4ten: Schwimmen, Sightseeing, Wanderung zu Gazebo, Mittagessen.<\/p>\n<p>Preis inclusive Boot und Benzin, Skipper, Eintritt in den Nationalpark, Rundfahrt um die Kornaten, Aperitive\u2026<\/p>\n","protected":false},"excerpt":{"rendered":"<p>In unserem Angebot haben wir 2 Reisetypen. Organisierte Tagesausflug in die Kornaten mit gr\u00f6\u00dferen Touristenboot, in dem eine F\u00fchrung und Mittagessen enthalten. Oder ein Ausflug in Kornati und Murter Inselgruppe mit Schnellboot f\u00fcr kleine Gruppen, in dieser Version, die Sie allein auf dem Boot mit einem Skipper sind. Mit Skipper k\u00f6nnen die L\u00e4nge und Art [&hellip;]<\/p>\n","protected":false},"author":1,"featured_media":0,"parent":0,"menu_order":0,"comment_status":"closed","ping_status":"closed","template":"template-izleti-arhiva.php","meta":{"_acf_changed":false,"inline_featured_image":false,"footnotes":""},"class_list":["post-647","page","type-page","status-publish","hentry"],"acf":[],"_links":{"self":[{"href":"https:\/\/murter-amfora.com\/de\/wp-json\/wp\/v2\/pages\/647","targetHints":{"allow":["GET"]}}],"collection":[{"href":"https:\/\/murter-amfora.com\/de\/wp-json\/wp\/v2\/pages"}],"about":[{"href":"https:\/\/murter-amfora.com\/de\/wp-json\/wp\/v2\/types\/page"}],"author":[{"embeddable":true,"href":"https:\/\/murter-amfora.com\/de\/wp-json\/wp\/v2\/users\/1"}],"replies":[{"embeddable":true,"href":"https:\/\/murter-amfora.com\/de\/wp-json\/wp\/v2\/comments?post=647"}],"version-history":[{"count":6,"href":"https:\/\/murter-amfora.com\/de\/wp-json\/wp\/v2\/pages\/647\/revisions"}],"predecessor-version":[{"id":7900,"href":"https:\/\/murter-amfora.com\/de\/wp-json\/wp\/v2\/pages\/647\/revisions\/7900"}],"wp:attachment":[{"href":"https:\/\/murter-amfora.com\/de\/wp-json\/wp\/v2\/media?parent=647"}],"curies":[{"name":"wp","href":"https:\/\/api.w.org\/{rel}","templated":true}]}}