{"id":987,"date":"2023-08-14T12:28:25","date_gmt":"2023-08-14T10:28:25","guid":{"rendered":"https:\/\/murter-amfora.com\/?page_id=987"},"modified":"2025-04-28T18:56:14","modified_gmt":"2025-04-28T16:56:14","slug":"ferienwohnungen","status":"publish","type":"page","link":"https:\/\/murter-amfora.com\/de\/ferienwohnungen\/","title":{"rendered":"Ferienwohnungen"},"content":{"rendered":"<p>Unser Angebot umfasst eine gro\u00dfe Anzahl an Unterk\u00fcnften auf der Insel Murter.<br \/>Die meisten unserer Ferienwohnungen befinden sich in Betina und Murter.<br \/>Wir verf\u00fcgen auch \u00fcber eine Vielzahl von Ferienwohnungen in Tisno und Jezera.<br \/>Die meisten Ferienwohnungen sind klimatisiert und verf\u00fcgen \u00fcber Sat-TV sowie W-LAN.<br \/>Sie erhalten bei fast allen Ferienwohnungen einen Stellplatz direkt an Ihrer Unterkunft.<br \/>Einige Unterk\u00fcnfte sind direkt an der K\u00fcste und verf\u00fcgen \u00fcber einen eigenen Liegeplatzn f\u00fcr Ihr Boot.<br \/>Der Preis versteht sich inkl. w\u00f6chentlich wechselnde Bettw\u00e4sche, Handt\u00fccher, Geschirr und sonstige Kochutensilien, Strom, Wasser, Gas sowie Endreinigung.     <\/p>\n","protected":false},"excerpt":{"rendered":"<p>Unser Angebot umfasst eine gro\u00dfe Anzahl an Unterk\u00fcnften auf der Insel Murter.Die meisten unserer Ferienwohnungen befinden sich in Betina und Murter.Wir verf\u00fcgen auch \u00fcber eine Vielzahl von Ferienwohnungen in Tisno und Jezera.Die meisten Ferienwohnungen sind klimatisiert und verf\u00fcgen \u00fcber Sat-TV sowie W-LAN.Sie erhalten bei fast allen Ferienwohnungen einen Stellplatz direkt an Ihrer Unterkunft.Einige Unterk\u00fcnfte sind [&hellip;]<\/p>\n","protected":false},"author":1,"featured_media":1709,"parent":0,"menu_order":0,"comment_status":"closed","ping_status":"closed","template":"template-smjestaj-arhiva.php","meta":{"_acf_changed":false,"inline_featured_image":false,"footnotes":""},"class_list":["post-987","page","type-page","status-publish","has-post-thumbnail","hentry"],"acf":[],"_links":{"self":[{"href":"https:\/\/murter-amfora.com\/de\/wp-json\/wp\/v2\/pages\/987","targetHints":{"allow":["GET"]}}],"collection":[{"href":"https:\/\/murter-amfora.com\/de\/wp-json\/wp\/v2\/pages"}],"about":[{"href":"https:\/\/murter-amfora.com\/de\/wp-json\/wp\/v2\/types\/page"}],"author":[{"embeddable":true,"href":"https:\/\/murter-amfora.com\/de\/wp-json\/wp\/v2\/users\/1"}],"replies":[{"embeddable":true,"href":"https:\/\/murter-amfora.com\/de\/wp-json\/wp\/v2\/comments?post=987"}],"version-history":[{"count":2,"href":"https:\/\/murter-amfora.com\/de\/wp-json\/wp\/v2\/pages\/987\/revisions"}],"predecessor-version":[{"id":3796,"href":"https:\/\/murter-amfora.com\/de\/wp-json\/wp\/v2\/pages\/987\/revisions\/3796"}],"wp:featuredmedia":[{"embeddable":true,"href":"https:\/\/murter-amfora.com\/de\/wp-json\/wp\/v2\/media\/1709"}],"wp:attachment":[{"href":"https:\/\/murter-amfora.com\/de\/wp-json\/wp\/v2\/media?parent=987"}],"curies":[{"name":"wp","href":"https:\/\/api.w.org\/{rel}","templated":true}]}}