{"id":599,"date":"2023-08-14T17:44:45","date_gmt":"2023-08-14T15:44:45","guid":{"rendered":"https:\/\/murter-amfora.com\/?page_id=599"},"modified":"2025-06-09T12:59:53","modified_gmt":"2025-06-09T10:59:53","slug":"contact","status":"publish","type":"page","link":"https:\/\/murter-amfora.com\/en\/contact\/","title":{"rendered":"Contact"},"content":{"rendered":"<p>TURISTI\u010cKA AGENCIJA &#8220;AMFORA&#8221;<\/p>\n<p>ADDRESS: Branimirova 7, 22 244 Betina ( island Murter )<\/p>\n<p>ID-code: HR-AB-22-15010006394<\/p>\n<p>E-mail: murteramfora@gmail.com<\/p>\n<p>Andrija Bili\u0107 , GSM: 00385 91 507 8409<\/p>\n<p>\u017deljko \u0160andri\u0107 , GSM: 00385 98 879 541<\/p>\n<p>Tel.\/Fax : 0038522 434 221<\/p>\n<p>AMFORA Tourist Agency is located in the town of Betina on the island of Murter. The services we offer include renting accommodation facilities on the islands of Murter and Kornati, renting boats, bicycles, speedboats, trips to Kornati&#8230; The office is only open during the season from 8:30 a.m. to 8:00 p.m., or you can contact us by telephone and e-mail throughout the year.<\/p>\n","protected":false},"excerpt":{"rendered":"<p>TURISTI\u010cKA AGENCIJA &#8220;AMFORA&#8221; ADDRESS: Branimirova 7, 22 244 Betina ( island Murter ) ID-code: HR-AB-22-15010006394 E-mail: murteramfora@gmail.com Andrija Bili\u0107 , GSM: 00385 91 507 8409 \u017deljko \u0160andri\u0107 , GSM: 00385 98 879 541 Tel.\/Fax : 0038522 434 221 AMFORA Tourist Agency is located in the town of Betina on the island of Murter. The services [&hellip;]<\/p>\n","protected":false},"author":1,"featured_media":0,"parent":0,"menu_order":0,"comment_status":"closed","ping_status":"closed","template":"template-kontakt.php","meta":{"_acf_changed":false,"inline_featured_image":false,"footnotes":""},"class_list":["post-599","page","type-page","status-publish","hentry"],"acf":[],"_links":{"self":[{"href":"https:\/\/murter-amfora.com\/en\/wp-json\/wp\/v2\/pages\/599","targetHints":{"allow":["GET"]}}],"collection":[{"href":"https:\/\/murter-amfora.com\/en\/wp-json\/wp\/v2\/pages"}],"about":[{"href":"https:\/\/murter-amfora.com\/en\/wp-json\/wp\/v2\/types\/page"}],"author":[{"embeddable":true,"href":"https:\/\/murter-amfora.com\/en\/wp-json\/wp\/v2\/users\/1"}],"replies":[{"embeddable":true,"href":"https:\/\/murter-amfora.com\/en\/wp-json\/wp\/v2\/comments?post=599"}],"version-history":[{"count":5,"href":"https:\/\/murter-amfora.com\/en\/wp-json\/wp\/v2\/pages\/599\/revisions"}],"predecessor-version":[{"id":4801,"href":"https:\/\/murter-amfora.com\/en\/wp-json\/wp\/v2\/pages\/599\/revisions\/4801"}],"wp:attachment":[{"href":"https:\/\/murter-amfora.com\/en\/wp-json\/wp\/v2\/media?parent=599"}],"curies":[{"name":"wp","href":"https:\/\/api.w.org\/{rel}","templated":true}]}}