{"id":3825,"date":"2023-08-14T17:38:30","date_gmt":"2023-08-14T15:38:30","guid":{"rendered":"https:\/\/murter-amfora.com\/barche\/"},"modified":"2025-06-05T18:37:41","modified_gmt":"2025-06-05T16:37:41","slug":"barche","status":"publish","type":"page","link":"https:\/\/murter-amfora.com\/it\/barche\/","title":{"rendered":"Barche"},"content":{"rendered":"<div><strong>Esplora il mare di Murter con la tua barca: noleggia un motoscafo o un motoscafo a Betina presso Rent a Boat Amfora Murter!<\/strong><\/div>\n<div dir=\"auto\"><\/div>\n<div dir=\"auto\">Vivi un \u201cesperienza indimenticabile sull\u201d Adriatico noleggiando un motoscafo o una pasara tradizionale dalla nostra offerta presso Rent a Boat Amfora Murter, situata nella pittoresca Betina. Che tu stia cercando la velocit\u00e0 e l \u201cemozione di un motoscafo o una tranquilla crociera in famiglia a bordo di una pasara, abbiamo l\u201d imbarcazione ideale per la tua giornata perfetta in mare. <\/div>\n<div dir=\"auto\"><\/div>\n<div dir=\"auto\">Le nostre imbarcazioni sono sottoposte a regolare manutenzione, sono completamente attrezzate e pronte per la vostra avventura in mare: esplorate calette nascoste, nuotate nelle lagune turchesi e visitate le isole vicine come Kornati, \u017dut e Vrgada.<\/div>\n<div dir=\"auto\"><\/div>\n<div dir=\"auto\"><strong>Perch\u00e9 scegliere Rent a Boat Amfora?<\/strong><\/div>\n<div dir=\"auto\"><\/div>\n<ul>\n<li dir=\"auto\">Noleggio motoscafi e moto d&#8217;acqua: per tutti i livelli di esperienza e desideri<\/li>\n<li dir=\"auto\">Orari di noleggio: tutti i giorni dalle 9:00 alle 19:00<\/li>\n<li dir=\"auto\">Possibilit\u00e0 di noleggio di pi\u00f9 giorni: perfetto per viaggi di pi\u00f9 giorni<\/li>\n<li dir=\"auto\">Sconti per noleggi a lungo termine<\/li>\n<li dir=\"auto\">Parcheggio gratuito per i nostri ospiti<\/li>\n<li dir=\"auto\">Possibile consegna dell&#8217;imbarcazione in localit\u00e0 vicine &#8211; su richiesta<\/li>\n<li dir=\"auto\">Gentile supporto e consigli dal nostro team<\/li>\n<\/ul>\n<div dir=\"auto\"><\/div>\n<div dir=\"auto\">Che tu voglia una crociera rilassante lungo la costa o una giornata attiva in mare aperto, il nostro team ti aiuter\u00e0 a scegliere l \u201cimbarcazione ideale e a garantire un\u201d esperienza in acqua sicura e piacevole.<\/div>\n<div dir=\"auto\"><\/div>\n<div dir=\"auto\">Prenota oggi stesso la tua barca e scopri la libert\u00e0 del mare con Rent a Boat Amfora a Betina!<\/div>\n<div dir=\"auto\"><\/div>\n","protected":false},"excerpt":{"rendered":"<p>Esplora il mare di Murter con la tua barca: noleggia un motoscafo o un motoscafo a Betina presso Rent a Boat Amfora Murter! Vivi un \u201cesperienza indimenticabile sull\u201d Adriatico noleggiando un motoscafo o una pasara tradizionale dalla nostra offerta presso Rent a Boat Amfora Murter, situata nella pittoresca Betina. Che tu stia cercando la velocit\u00e0 [&hellip;]<\/p>\n","protected":false},"author":1,"featured_media":0,"parent":0,"menu_order":0,"comment_status":"closed","ping_status":"closed","template":"template-najam-arhiva.php","meta":{"_acf_changed":false,"inline_featured_image":false,"footnotes":""},"class_list":["post-3825","page","type-page","status-publish","hentry"],"acf":[],"_links":{"self":[{"href":"https:\/\/murter-amfora.com\/it\/wp-json\/wp\/v2\/pages\/3825","targetHints":{"allow":["GET"]}}],"collection":[{"href":"https:\/\/murter-amfora.com\/it\/wp-json\/wp\/v2\/pages"}],"about":[{"href":"https:\/\/murter-amfora.com\/it\/wp-json\/wp\/v2\/types\/page"}],"author":[{"embeddable":true,"href":"https:\/\/murter-amfora.com\/it\/wp-json\/wp\/v2\/users\/1"}],"replies":[{"embeddable":true,"href":"https:\/\/murter-amfora.com\/it\/wp-json\/wp\/v2\/comments?post=3825"}],"version-history":[{"count":1,"href":"https:\/\/murter-amfora.com\/it\/wp-json\/wp\/v2\/pages\/3825\/revisions"}],"predecessor-version":[{"id":4705,"href":"https:\/\/murter-amfora.com\/it\/wp-json\/wp\/v2\/pages\/3825\/revisions\/4705"}],"wp:attachment":[{"href":"https:\/\/murter-amfora.com\/it\/wp-json\/wp\/v2\/media?parent=3825"}],"curies":[{"name":"wp","href":"https:\/\/api.w.org\/{rel}","templated":true}]}}