{"id":3835,"date":"2023-09-07T10:07:50","date_gmt":"2023-09-07T08:07:50","guid":{"rendered":"https:\/\/murter-amfora.com\/o-destinaciji\/aktivnosti\/"},"modified":"2023-09-07T10:07:50","modified_gmt":"2023-09-07T08:07:50","slug":"aktivnosti","status":"publish","type":"page","link":"https:\/\/murter-amfora.com\/it\/o-destinaciji\/aktivnosti\/","title":{"rendered":"Aktivnosti"},"content":{"rendered":"<div class=\"right-text2\">\n<h3>Escursioni nel Parco Nazionale delle Isole Kornati<\/h3>\n<p>Offriamo due tipi di escursioni.<\/p>\n<p> La prima, un&#8217;escursione organizzata di un&#8217;intera giornata alle Isole Incoronate con una barca turistica pi\u00f9 grande, che include una guida e il pranzo. La seconda, un&#8217;escursione alle Isole Incoronate o un tour pi\u00f9 breve dell&#8217;arcipelago di Murter con un motoscafo per gruppi pi\u00f9 piccoli; in questa variante sarete da soli a bordo con uno skipper&#8230;<\/p>\n<\/div>\n","protected":false},"excerpt":{"rendered":"<p>Escursioni nel Parco Nazionale delle Isole Kornati Offriamo due tipi di escursioni. La prima, un&#8217;escursione organizzata di un&#8217;intera giornata alle Isole Incoronate con una barca turistica pi\u00f9 grande, che include una guida e il pranzo. La seconda, un&#8217;escursione alle Isole Incoronate o un tour pi\u00f9 breve dell&#8217;arcipelago di Murter con un motoscafo per gruppi pi\u00f9 [&hellip;]<\/p>\n","protected":false},"author":1,"featured_media":0,"parent":1013,"menu_order":0,"comment_status":"closed","ping_status":"closed","template":"template-izleti-arhiva.php","meta":{"_acf_changed":false,"inline_featured_image":false,"footnotes":""},"class_list":["post-3835","page","type-page","status-publish","hentry"],"acf":[],"_links":{"self":[{"href":"https:\/\/murter-amfora.com\/it\/wp-json\/wp\/v2\/pages\/3835","targetHints":{"allow":["GET"]}}],"collection":[{"href":"https:\/\/murter-amfora.com\/it\/wp-json\/wp\/v2\/pages"}],"about":[{"href":"https:\/\/murter-amfora.com\/it\/wp-json\/wp\/v2\/types\/page"}],"author":[{"embeddable":true,"href":"https:\/\/murter-amfora.com\/it\/wp-json\/wp\/v2\/users\/1"}],"replies":[{"embeddable":true,"href":"https:\/\/murter-amfora.com\/it\/wp-json\/wp\/v2\/comments?post=3835"}],"version-history":[{"count":0,"href":"https:\/\/murter-amfora.com\/it\/wp-json\/wp\/v2\/pages\/3835\/revisions"}],"up":[{"embeddable":true,"href":"https:\/\/murter-amfora.com\/it\/wp-json\/wp\/v2\/pages\/1013"}],"wp:attachment":[{"href":"https:\/\/murter-amfora.com\/it\/wp-json\/wp\/v2\/media?parent=3835"}],"curies":[{"name":"wp","href":"https:\/\/api.w.org\/{rel}","templated":true}]}}