{"id":615,"date":"2023-08-14T17:44:45","date_gmt":"2023-08-14T15:44:45","guid":{"rendered":"https:\/\/murter-amfora.com\/?page_id=615"},"modified":"2025-06-09T13:01:02","modified_gmt":"2025-06-09T11:01:02","slug":"contatto","status":"publish","type":"page","link":"https:\/\/murter-amfora.com\/it\/contatto\/","title":{"rendered":"Contatto"},"content":{"rendered":"<p>AGENZIA DI VIAGGI &#8220;AMFORA&#8221;<\/p>\n<p>Indirizzo: Branimirova 7, 22 244 Betina ( isola di Murter )<\/p>\n<p>ID-code: HR-AB-22-15010006394<\/p>\n<p>E-mail: murteramfora@gmail.com<\/p>\n<p>Andrija Bili\u0107 , GSM: 00385 91 507 8409<\/p>\n<p>\u017deljko \u0160andri\u0107 , GSM: 00385 98 879 541<\/p>\n<p>Tel.\/Fax : 00385 22 434 221<\/p>\n<p>Agenzia di viaggi \u201cAMFORA\u201d si trova in Betina sulla isola di Murter. Possiamo offrire un adeguato alloggio, escursione a Kornati, noleggiare barce, noleggiare bici \u2026<br \/>\nUfficio \u00e8 aperto dal 1 giugno fino alla fine di settembre tutti i giorni dalle 08.30h alle 21.00h, ma potete contattarci durante tutto l\u2019anno sul telefono, skype o web-mail.<\/p>\n","protected":false},"excerpt":{"rendered":"<p>AGENZIA DI VIAGGI &#8220;AMFORA&#8221; Indirizzo: Branimirova 7, 22 244 Betina ( isola di Murter ) ID-code: HR-AB-22-15010006394 E-mail: murteramfora@gmail.com Andrija Bili\u0107 , GSM: 00385 91 507 8409 \u017deljko \u0160andri\u0107 , GSM: 00385 98 879 541 Tel.\/Fax : 00385 22 434 221 Agenzia di viaggi \u201cAMFORA\u201d si trova in Betina sulla isola di Murter. Possiamo offrire [&hellip;]<\/p>\n","protected":false},"author":1,"featured_media":0,"parent":0,"menu_order":0,"comment_status":"closed","ping_status":"closed","template":"template-kontakt.php","meta":{"_acf_changed":false,"inline_featured_image":false,"footnotes":""},"class_list":["post-615","page","type-page","status-publish","hentry"],"acf":[],"_links":{"self":[{"href":"https:\/\/murter-amfora.com\/it\/wp-json\/wp\/v2\/pages\/615","targetHints":{"allow":["GET"]}}],"collection":[{"href":"https:\/\/murter-amfora.com\/it\/wp-json\/wp\/v2\/pages"}],"about":[{"href":"https:\/\/murter-amfora.com\/it\/wp-json\/wp\/v2\/types\/page"}],"author":[{"embeddable":true,"href":"https:\/\/murter-amfora.com\/it\/wp-json\/wp\/v2\/users\/1"}],"replies":[{"embeddable":true,"href":"https:\/\/murter-amfora.com\/it\/wp-json\/wp\/v2\/comments?post=615"}],"version-history":[{"count":3,"href":"https:\/\/murter-amfora.com\/it\/wp-json\/wp\/v2\/pages\/615\/revisions"}],"predecessor-version":[{"id":4803,"href":"https:\/\/murter-amfora.com\/it\/wp-json\/wp\/v2\/pages\/615\/revisions\/4803"}],"wp:attachment":[{"href":"https:\/\/murter-amfora.com\/it\/wp-json\/wp\/v2\/media?parent=615"}],"curies":[{"name":"wp","href":"https:\/\/api.w.org\/{rel}","templated":true}]}}