{"id":635,"date":"2023-08-21T11:11:19","date_gmt":"2023-08-21T09:11:19","guid":{"rendered":"https:\/\/murter-amfora.com\/?page_id=635"},"modified":"2025-04-28T22:50:12","modified_gmt":"2025-04-28T20:50:12","slug":"modalita-di-pagamento","status":"publish","type":"page","link":"https:\/\/murter-amfora.com\/it\/modalita-di-pagamento\/","title":{"rendered":"Modalit\u00e0 di pagamento"},"content":{"rendered":"<p>Modalit\u00e0 di pagamento<\/p>\n<p>NOTA: Quando prenotando un alloggio o una barca, accetti le Condizioni Generali dell&#8217;agenzia di viaggi AMFORA MURTER, che definisce tutti i diritti e gli obblighi dell&#8217;Agenzia e del Viaggiatore (acquirente).<\/p>\n<p>I prezzi indicati sono per il pagamento in contanti.<\/p>\n<p>MODALIT\u00c0 DI PAGAMENTO:<br \/>\n1. contanti, internet banking (30% di anticipo alla prenotazione, il resto il giorno di arrivo)<br \/>\n2. carte di creditto- Sono possibili costi aggiuntivi &#8211; Commissione bancaria del 3%.<br \/>\n3. Pay pal<\/p>\n<p>INFORMATIVA SULLA PRIVACY<br \/>\nQuesto documento descrive come TURISTICA AGENZIA AMFORA, Branimirova 7, Betina, OIB: 70235954791 (di seguito denominata TURISTICA AGENZIA AMFORA) tratta i dati personali.<br \/>L&#8217;informativa sulla privacy si applica a tutte le informazioni personali che raccogliamo ed elaboriamo. Le informazioni di contatto raccolte sulle nostre pagine web non saranno pubblicamente disponibili o utilizzate per scopi diversi, tranne che per l&#8217;invio di una risposta alla vostra richiesta!<br \/>I tuoi dati personali per le finalit\u00e0 sopra, date volontariamente con un consenso chiaro ed inequivocabile. Le informazioni di cui sopra sono necessarie per soddisfare le finalit\u00e0 per le quali sono raccolte e non saranno utilizzate per nessun altro scopo senza il consenso esplicito dell&#8217;utente.<br \/>Di conseguenza, se si negano le informazioni personali richieste, TURISTICA AGENZIA AMFORA non sar\u00e0 in grado di soddisfare questa richiesta.<br \/>Vi informiamo che in qualsiasi momento potete ritirare la privacy per elaborare le vostre informazioni personali senza alcuna conseguenza e che la vostra richiesta sar\u00e0 soddisfatta nel pi\u00f9 breve tempo possibile.<br \/>Dopo il ritiro del tuo consenso, i tuoi dati personali non saranno pi\u00f9 elaborati e saranno cancellati o distrutti in modo sicuro in conformit\u00e0 con il documento interno di TURISTICA AGENZIA AMFORA.<br \/>Nel caso in cui i tuoi dati personali vengono divulgati a terzi, TURISTICA AGENZIA AMFORA ti informer\u00e0 in anticipo in conformit\u00e0 con le normative applicabili in materia di protezione dei dati personali.  <\/p>\n<p>Le tue informazioni personali non verranno inoltrate a paesi terzi o organizzazioni internazionali.<br \/>\nTURISTICA AGENZIA AMFORA tratter\u00e0 i tuoi dati personali in conformit\u00e0 con le finalit\u00e0 descritte per il periodo durante il quale il trattamento di questi dati \u00e8 necessario per raggiungere lo scopo per il quale \u00e8 stato raccolto e il massimo entro il limite di tempo specificato da un atto interno che disciplina il trattamento e l&#8217;archiviazione di tali dati.<br \/>Per qualsiasi domanda o informazione relativa all&#8217;esercizio dei propri diritti alla protezione dei dati personali, non esitate a contattare MURTERAMFORA@GMAIL.COM  <\/p>\n","protected":false},"excerpt":{"rendered":"<p>Modalit\u00e0 di pagamento NOTA: Quando prenotando un alloggio o una barca, accetti le Condizioni Generali dell&#8217;agenzia di viaggi AMFORA MURTER, che definisce tutti i diritti e gli obblighi dell&#8217;Agenzia e del Viaggiatore (acquirente). I prezzi indicati sono per il pagamento in contanti. MODALIT\u00c0 DI PAGAMENTO: 1. contanti, internet banking (30% di anticipo alla prenotazione, il [&hellip;]<\/p>\n","protected":false},"author":1,"featured_media":0,"parent":0,"menu_order":0,"comment_status":"closed","ping_status":"closed","template":"","meta":{"_acf_changed":false,"inline_featured_image":false,"footnotes":""},"class_list":["post-635","page","type-page","status-publish","hentry"],"acf":[],"_links":{"self":[{"href":"https:\/\/murter-amfora.com\/it\/wp-json\/wp\/v2\/pages\/635","targetHints":{"allow":["GET"]}}],"collection":[{"href":"https:\/\/murter-amfora.com\/it\/wp-json\/wp\/v2\/pages"}],"about":[{"href":"https:\/\/murter-amfora.com\/it\/wp-json\/wp\/v2\/types\/page"}],"author":[{"embeddable":true,"href":"https:\/\/murter-amfora.com\/it\/wp-json\/wp\/v2\/users\/1"}],"replies":[{"embeddable":true,"href":"https:\/\/murter-amfora.com\/it\/wp-json\/wp\/v2\/comments?post=635"}],"version-history":[{"count":2,"href":"https:\/\/murter-amfora.com\/it\/wp-json\/wp\/v2\/pages\/635\/revisions"}],"predecessor-version":[{"id":3828,"href":"https:\/\/murter-amfora.com\/it\/wp-json\/wp\/v2\/pages\/635\/revisions\/3828"}],"wp:attachment":[{"href":"https:\/\/murter-amfora.com\/it\/wp-json\/wp\/v2\/media?parent=635"}],"curies":[{"name":"wp","href":"https:\/\/api.w.org\/{rel}","templated":true}]}}