{"id":33,"date":"2023-08-14T17:43:32","date_gmt":"2023-08-14T15:43:32","guid":{"rendered":"https:\/\/murter-amfora.com\/?page_id=33"},"modified":"2023-09-15T17:21:15","modified_gmt":"2023-09-15T15:21:15","slug":"kako-do-nas","status":"publish","type":"page","link":"https:\/\/murter-amfora.com\/sl\/kako-do-nas\/","title":{"rendered":"Kako do nas"},"content":{"rendered":"<p>Agencija Amfora se nahaja v Betina na otoku Murter. Otok se nahaja med mestoma \u0160ibenik (30 km) in Zadar (60 km). Je s kopnim povezan z mostom v Tisnom. Po pre\u010dkanju mostu, sledite cesti naslednjih pet kilometrov, in po vstopu v Betina, zavijete levo. Sledite glavni cesti pribli\u017eno 1 km in boste videli znak Amfora-turisti\u010dna agencija.<\/p>\n<p>Turisti\u010dna agencija i najem \u010dolnov &#8211; Amfora<br \/>\nNaslov: Branimirova 7, Betina, otok Murter<\/p>\n<p>Sre\u010dno pot!<\/p>\n","protected":false},"excerpt":{"rendered":"<p>Agencija Amfora se nahaja v Betina na otoku Murter. Otok se nahaja med mestoma \u0160ibenik (30 km) in Zadar (60 km). Je s kopnim povezan z mostom v Tisnom. Po pre\u010dkanju mostu, sledite cesti naslednjih pet kilometrov, in po vstopu v Betina, zavijete levo. Sledite glavni cesti pribli\u017eno 1 km in boste videli znak Amfora-turisti\u010dna [&hellip;]<\/p>\n","protected":false},"author":1,"featured_media":0,"parent":0,"menu_order":0,"comment_status":"closed","ping_status":"closed","template":"template-kako.php","meta":{"_acf_changed":false,"inline_featured_image":false,"footnotes":""},"class_list":["post-33","page","type-page","status-publish","hentry"],"acf":[],"_links":{"self":[{"href":"https:\/\/murter-amfora.com\/sl\/wp-json\/wp\/v2\/pages\/33","targetHints":{"allow":["GET"]}}],"collection":[{"href":"https:\/\/murter-amfora.com\/sl\/wp-json\/wp\/v2\/pages"}],"about":[{"href":"https:\/\/murter-amfora.com\/sl\/wp-json\/wp\/v2\/types\/page"}],"author":[{"embeddable":true,"href":"https:\/\/murter-amfora.com\/sl\/wp-json\/wp\/v2\/users\/1"}],"replies":[{"embeddable":true,"href":"https:\/\/murter-amfora.com\/sl\/wp-json\/wp\/v2\/comments?post=33"}],"version-history":[{"count":7,"href":"https:\/\/murter-amfora.com\/sl\/wp-json\/wp\/v2\/pages\/33\/revisions"}],"predecessor-version":[{"id":588,"href":"https:\/\/murter-amfora.com\/sl\/wp-json\/wp\/v2\/pages\/33\/revisions\/588"}],"wp:attachment":[{"href":"https:\/\/murter-amfora.com\/sl\/wp-json\/wp\/v2\/media?parent=33"}],"curies":[{"name":"wp","href":"https:\/\/api.w.org\/{rel}","templated":true}]}}