{"id":338,"date":"2023-08-23T13:44:55","date_gmt":"2023-08-23T11:44:55","guid":{"rendered":"https:\/\/murter-amfora.com\/naslovnica\/"},"modified":"2026-03-04T13:43:37","modified_gmt":"2026-03-04T12:43:37","slug":"naslovnica","status":"publish","type":"page","link":"https:\/\/murter-amfora.com\/sl\/","title":{"rendered":"Otok Murter"},"content":{"rendered":"<p>Dobrodo\u0161li v Amfora Murter \u2013 va\u0161i zaupanja vredni potovalni in najemni agenciji za gliserje v osr\u010dju Dalmacije.<br \/>\nPonujamo varne in zanesljive gliserje in \u010dolne za raziskovanje Murterskega arhipelaga in Kornatskih otokov, s profesionalno podporo in enostavno rezervacijo.<br \/>\nPonujamo tudi kakovostne apartmaje na privla\u010dnih lokacijah.<br \/>\nGostje, ki rezervirajo namestitev, prejmejo popuste na \u010dolne, kolesa in organizirane izlete.<br \/>\nDo\u017eivite Murter s kopnega in morja s profesionalno in prijazno postre\u017ebo.<\/p>\n<p>Amfora Murter \u2013 Vse za va\u0161e popolne po\u010ditnice na enem mestu.<\/p>\n<p>Agencija je odprta ves dan, 7 dni v tednu in smo vam na voljo za vse informacije in pomo\u010d.<\/p>\n","protected":false},"excerpt":{"rendered":"<p>Dobrodo\u0161li v Amfora Murter \u2013 va\u0161i zaupanja vredni potovalni in najemni agenciji za gliserje v osr\u010dju Dalmacije. Ponujamo varne in zanesljive gliserje in \u010dolne za raziskovanje Murterskega arhipelaga in Kornatskih otokov, s profesionalno podporo in enostavno rezervacijo. Ponujamo tudi kakovostne apartmaje na privla\u010dnih lokacijah. Gostje, ki rezervirajo namestitev, prejmejo popuste na \u010dolne, kolesa in organizirane [&hellip;]<\/p>\n","protected":false},"author":1,"featured_media":0,"parent":0,"menu_order":0,"comment_status":"closed","ping_status":"closed","template":"template-naslovna.php","meta":{"_acf_changed":false,"inline_featured_image":false,"footnotes":""},"class_list":["post-338","page","type-page","status-publish","hentry"],"acf":[],"_links":{"self":[{"href":"https:\/\/murter-amfora.com\/sl\/wp-json\/wp\/v2\/pages\/338","targetHints":{"allow":["GET"]}}],"collection":[{"href":"https:\/\/murter-amfora.com\/sl\/wp-json\/wp\/v2\/pages"}],"about":[{"href":"https:\/\/murter-amfora.com\/sl\/wp-json\/wp\/v2\/types\/page"}],"author":[{"embeddable":true,"href":"https:\/\/murter-amfora.com\/sl\/wp-json\/wp\/v2\/users\/1"}],"replies":[{"embeddable":true,"href":"https:\/\/murter-amfora.com\/sl\/wp-json\/wp\/v2\/comments?post=338"}],"version-history":[{"count":2,"href":"https:\/\/murter-amfora.com\/sl\/wp-json\/wp\/v2\/pages\/338\/revisions"}],"predecessor-version":[{"id":7894,"href":"https:\/\/murter-amfora.com\/sl\/wp-json\/wp\/v2\/pages\/338\/revisions\/7894"}],"wp:attachment":[{"href":"https:\/\/murter-amfora.com\/sl\/wp-json\/wp\/v2\/media?parent=338"}],"curies":[{"name":"wp","href":"https:\/\/api.w.org\/{rel}","templated":true}]}}