{"id":3836,"date":"2023-09-07T10:07:50","date_gmt":"2023-09-07T08:07:50","guid":{"rendered":"https:\/\/murter-amfora.com\/o-destinaciji\/aktivnosti\/"},"modified":"2023-09-07T10:07:50","modified_gmt":"2023-09-07T08:07:50","slug":"aktivnosti","status":"publish","type":"page","link":"https:\/\/murter-amfora.com\/sl\/o-destinaciji\/aktivnosti\/","title":{"rendered":"Aktivnosti"},"content":{"rendered":"<div class=\"right-text2\">\n<h3>Izleti v narodni park Kornati<\/h3>\n<p>Ponujamo 2 vrsti izletov. Prvi\u010d, organiziran celodnevni izlet na Kornate z ve\u010djim turisti\u010dnim \u010dolnom, ki vklju\u010duje vodnika in kosilo. Drugi\u010d, izlet na Kornate ali kraj\u0161i ogled Murterskega arhipelaga z gliserjem za manj\u0161e skupine, v tej varianti ste sami na \u010dolnu s skiperjem..  <\/p>\n<\/div>\n","protected":false},"excerpt":{"rendered":"<p>Izleti v narodni park Kornati Ponujamo 2 vrsti izletov. Prvi\u010d, organiziran celodnevni izlet na Kornate z ve\u010djim turisti\u010dnim \u010dolnom, ki vklju\u010duje vodnika in kosilo. Drugi\u010d, izlet na Kornate ali kraj\u0161i ogled Murterskega arhipelaga z gliserjem za manj\u0161e skupine, v tej varianti ste sami na \u010dolnu s skiperjem..<\/p>\n","protected":false},"author":1,"featured_media":0,"parent":1014,"menu_order":0,"comment_status":"closed","ping_status":"closed","template":"template-izleti-arhiva.php","meta":{"_acf_changed":false,"inline_featured_image":false,"footnotes":""},"class_list":["post-3836","page","type-page","status-publish","hentry"],"acf":[],"_links":{"self":[{"href":"https:\/\/murter-amfora.com\/sl\/wp-json\/wp\/v2\/pages\/3836","targetHints":{"allow":["GET"]}}],"collection":[{"href":"https:\/\/murter-amfora.com\/sl\/wp-json\/wp\/v2\/pages"}],"about":[{"href":"https:\/\/murter-amfora.com\/sl\/wp-json\/wp\/v2\/types\/page"}],"author":[{"embeddable":true,"href":"https:\/\/murter-amfora.com\/sl\/wp-json\/wp\/v2\/users\/1"}],"replies":[{"embeddable":true,"href":"https:\/\/murter-amfora.com\/sl\/wp-json\/wp\/v2\/comments?post=3836"}],"version-history":[{"count":0,"href":"https:\/\/murter-amfora.com\/sl\/wp-json\/wp\/v2\/pages\/3836\/revisions"}],"up":[{"embeddable":true,"href":"https:\/\/murter-amfora.com\/sl\/wp-json\/wp\/v2\/pages\/1014"}],"wp:attachment":[{"href":"https:\/\/murter-amfora.com\/sl\/wp-json\/wp\/v2\/media?parent=3836"}],"curies":[{"name":"wp","href":"https:\/\/api.w.org\/{rel}","templated":true}]}}