{"id":617,"date":"2023-08-14T17:44:45","date_gmt":"2023-08-14T15:44:45","guid":{"rendered":"https:\/\/murter-amfora.com\/?page_id=617"},"modified":"2025-06-09T13:01:27","modified_gmt":"2025-06-09T11:01:27","slug":"kontakt","status":"publish","type":"page","link":"https:\/\/murter-amfora.com\/sl\/kontakt\/","title":{"rendered":"Kontakt"},"content":{"rendered":"<p>TURISTI\u010cNA AGENCIJA &#8220;AMFORA&#8221;<\/p>\n<p>NASLOV: Branimirova 7, 22 244 Betina ( otok Murter )<\/p>\n<p>ID-code: HR-AB-22-15010006394<\/p>\n<p>E-mail: murteramfora@gmail.com<\/p>\n<p>Andrija Bili\u0107 , GSM: 00385 91 507 8409<\/p>\n<p>\u017deljko \u0160andri\u0107 , GSM: 00385 98 879 541<\/p>\n<p>Tel.\/Fax : 00385 22 434 221<\/p>\n<p>Turisti\u010dna Agencija AMFORA je smje\u0161tena u mjestu Betina na otoku Murteru.<br \/>\nU usluge koje nudimo spada iznajmljivanje smje\u0161tajnih kapaciteta otoka Murtera i Kornata, iznajmljivanje plovila, bicikli, glisera, izleti na Kornate&#8230;<br \/>\nUred je otvoren samo u sezoni od 9,00 &#8211; 20,00, ali nas putem kontakt-telefona i web-maila mo\u017eete kontaktirati tijekom cijele godine.<\/p>\n","protected":false},"excerpt":{"rendered":"<p>TURISTI\u010cNA AGENCIJA &#8220;AMFORA&#8221; NASLOV: Branimirova 7, 22 244 Betina ( otok Murter ) ID-code: HR-AB-22-15010006394 E-mail: murteramfora@gmail.com Andrija Bili\u0107 , GSM: 00385 91 507 8409 \u017deljko \u0160andri\u0107 , GSM: 00385 98 879 541 Tel.\/Fax : 00385 22 434 221 Turisti\u010dna Agencija AMFORA je smje\u0161tena u mjestu Betina na otoku Murteru. U usluge koje nudimo spada [&hellip;]<\/p>\n","protected":false},"author":1,"featured_media":0,"parent":0,"menu_order":0,"comment_status":"closed","ping_status":"closed","template":"template-kontakt.php","meta":{"_acf_changed":false,"inline_featured_image":false,"footnotes":""},"class_list":["post-617","page","type-page","status-publish","hentry"],"acf":[],"_links":{"self":[{"href":"https:\/\/murter-amfora.com\/sl\/wp-json\/wp\/v2\/pages\/617","targetHints":{"allow":["GET"]}}],"collection":[{"href":"https:\/\/murter-amfora.com\/sl\/wp-json\/wp\/v2\/pages"}],"about":[{"href":"https:\/\/murter-amfora.com\/sl\/wp-json\/wp\/v2\/types\/page"}],"author":[{"embeddable":true,"href":"https:\/\/murter-amfora.com\/sl\/wp-json\/wp\/v2\/users\/1"}],"replies":[{"embeddable":true,"href":"https:\/\/murter-amfora.com\/sl\/wp-json\/wp\/v2\/comments?post=617"}],"version-history":[{"count":3,"href":"https:\/\/murter-amfora.com\/sl\/wp-json\/wp\/v2\/pages\/617\/revisions"}],"predecessor-version":[{"id":4804,"href":"https:\/\/murter-amfora.com\/sl\/wp-json\/wp\/v2\/pages\/617\/revisions\/4804"}],"wp:attachment":[{"href":"https:\/\/murter-amfora.com\/sl\/wp-json\/wp\/v2\/media?parent=617"}],"curies":[{"name":"wp","href":"https:\/\/api.w.org\/{rel}","templated":true}]}}