{"id":637,"date":"2023-08-21T11:11:19","date_gmt":"2023-08-21T09:11:19","guid":{"rendered":"https:\/\/murter-amfora.com\/?page_id=637"},"modified":"2026-03-04T13:39:44","modified_gmt":"2026-03-04T12:39:44","slug":"nacini-placanja","status":"publish","type":"page","link":"https:\/\/murter-amfora.com\/sl\/nacini-placanja\/","title":{"rendered":"Na\u0107ini pla\u0107anja"},"content":{"rendered":"<p>Na\u010dini pla\u0107anja<\/p>\n<p>NAPOMENA: Rezervacijom smje\u0161taja ili plovila prihva\u0107ate Op\u0107e uvjete poslovanja turisti\u010dke agencije AMFORA MURTER u kojem su definirana sva prava i obveze Agencije i Putnika (kupca).<\/p>\n<p>Cijene navedene na stranici su za gotovinsko placanje.<\/p>\n<p>NA\u010cINI PLA\u0106ANJA:<br \/>\n1. gotovina, internet bankarstvo, op\u0107e uplatnice (30% akontacije prilikom rezervacije, ostatak na dan dolaska)<br \/>\n2. kartice u poslovnici: jednokratno &#8211; moguci su dodatni troskovi &#8211; 3% naknade za banku<br \/>\n3. Pay Pal<\/p>\n<p>IZJAVA O PRIVATNOSTI<br \/>\nObrt za turizam i usluge Amfora Murter se obavezuje pru\u017eati za\u0161titu osobnim podacima kupaca, na na\u010din da prikuplja samo nu\u017ene, osnovne podatke o kupcima\/korisnicima koji su nu\u017eni za ispunjenje na\u0161ih obveza; informira kupce o na\u010dinu kori\u0161tenja prikupljenih podataka, redovito daje kupcima mogu\u0107nost izbora o upotrebi njihovih podataka, uklju\u010duju\u0107i mogu\u0107nost odluke \u017eele li ili ne da se njihovo ime ukloni s lista koje se koriste za marketin\u0161ke kampanje. Svi se podaci o korisnicima strogo \u010duvaju i dostupni su samo djelatnicima kojima su ti podaci nu\u017eni za obavljanje posla. Svi djelatnici obrta Amfora Murter i poslovni partneri odgovorni su za po\u0161tivanje na\u010dela za\u0161tite privatnosti.<\/p>\n<p>IZJAVA O KONVERZIJI:<br \/>\nSve cijene koje su izra\u017eene na internet stranicama \u2013 web shopu turisti\u010dke agencije Amfora Murter izra\u017eene su u eurima .<\/p>\n","protected":false},"excerpt":{"rendered":"<p>Na\u010dini pla\u0107anja NAPOMENA: Rezervacijom smje\u0161taja ili plovila prihva\u0107ate Op\u0107e uvjete poslovanja turisti\u010dke agencije AMFORA MURTER u kojem su definirana sva prava i obveze Agencije i Putnika (kupca). Cijene navedene na stranici su za gotovinsko placanje. NA\u010cINI PLA\u0106ANJA: 1. gotovina, internet bankarstvo, op\u0107e uplatnice (30% akontacije prilikom rezervacije, ostatak na dan dolaska) 2. kartice u poslovnici: [&hellip;]<\/p>\n","protected":false},"author":2,"featured_media":0,"parent":0,"menu_order":0,"comment_status":"closed","ping_status":"closed","template":"","meta":{"_acf_changed":false,"inline_featured_image":false,"footnotes":""},"class_list":["post-637","page","type-page","status-publish","hentry"],"acf":[],"_links":{"self":[{"href":"https:\/\/murter-amfora.com\/sl\/wp-json\/wp\/v2\/pages\/637","targetHints":{"allow":["GET"]}}],"collection":[{"href":"https:\/\/murter-amfora.com\/sl\/wp-json\/wp\/v2\/pages"}],"about":[{"href":"https:\/\/murter-amfora.com\/sl\/wp-json\/wp\/v2\/types\/page"}],"author":[{"embeddable":true,"href":"https:\/\/murter-amfora.com\/sl\/wp-json\/wp\/v2\/users\/2"}],"replies":[{"embeddable":true,"href":"https:\/\/murter-amfora.com\/sl\/wp-json\/wp\/v2\/comments?post=637"}],"version-history":[{"count":3,"href":"https:\/\/murter-amfora.com\/sl\/wp-json\/wp\/v2\/pages\/637\/revisions"}],"predecessor-version":[{"id":7893,"href":"https:\/\/murter-amfora.com\/sl\/wp-json\/wp\/v2\/pages\/637\/revisions\/7893"}],"wp:attachment":[{"href":"https:\/\/murter-amfora.com\/sl\/wp-json\/wp\/v2\/media?parent=637"}],"curies":[{"name":"wp","href":"https:\/\/api.w.org\/{rel}","templated":true}]}}