{"id":651,"date":"2023-08-14T17:41:50","date_gmt":"2023-08-14T15:41:50","guid":{"rendered":"https:\/\/murter-amfora.com\/?page_id=651"},"modified":"2025-04-28T18:57:26","modified_gmt":"2025-04-28T16:57:26","slug":"izleti-kornati-i-murterski-arhipelag","status":"publish","type":"page","link":"https:\/\/murter-amfora.com\/sl\/izleti-kornati-i-murterski-arhipelag\/","title":{"rendered":"Izleti Kornati i Murterski arhipelag"},"content":{"rendered":"<p>Nudimo dve vrsti ture. Prvi\u010d, organiziran celodnevni izlet na Kornate s veliko turisti\u010dno ladjo, v katerem je vklju\u010den vodi\u010d in kosilo. Drugi\u010d, izleti na Kornate ali Murter arhipelaga z gliserjem za manj\u0161e skupine, v tej razli\u010dici, da ste sami na ladji s skiperjem, s katerimi se pogaja o dol\u017eino in vrsto potovanja po va\u0161ih \u017eeljah.  <\/p>\n<p>&nbsp;<\/p>\n<p>Izlet na Kornate z ladjo Torcida &#8211; dol\u017eina 20 m, izleti z ladjo, primerna za skupino do 50 oseb<\/p>\n<p>Odhod iz glavnega pristani\u0161\u010da v Murterju ob 9.00<br \/>\nVhod v Nacionalni park Kornati ob 10:15<br \/>\nIzlet na odprto morje in ogled Kornatov in klifov<br \/>\nUstavitev za kopanje v zalivu Modri Bok<br \/>\nKosilo na ladji okrog 12:00<br \/>\nGlavni odmor na otoku Levernaka od 13 do 14.30 lahko uporabite za kopanje ali plezanje na vrh hriba s \u010dudovitim razgledom na Kornatski arhipelag.<br \/>\nVo\u017enja uz otok Kornat<br \/>\nIzhod iz Nacionalnega parka Kornati skozi prehod Proversa<br \/>\nVo\u017enja uz otok \u017dut<br \/>\nUstavitev za kopanje na otoku Gangarol od 16:20 do 16:50<br \/>\nVrnitev v Murter ob 17.00<br \/>\nCena vklju\u010duje: vstopno karto NP, aperitiv, kosilo, vodnik, \u010doln<\/p>\n<p>CENE:<br \/>\nodrasli &#8211; 60,00 Euro<br \/>\notroci (1-12 let) &#8211; 30,00 Euro<\/p>\n<p>&nbsp;<\/p>\n<p>Izlet z gliserima &#8211; idealno za manj\u0161e skupine ali dru\u017eine (1-6 oseb)<\/p>\n<p>Mogo\u010de toure:<br \/>\n&#8211; Celoten krog okoli Kornatov<br \/>\n&#8211; Izlet na Krko (Skradin)<br \/>\n&#8211; Izlet na otok Vrgada<br \/>\n&#8211; Izlet po otoku Murterju<br \/>\n&#8211; Vsak kraj ali otok po va\u0161i izbiri<\/p>\n<p>Cene so vi\u0161je kot v klasi\u010dnih izletni\u0161kih ladij, vendar ste sami s skiperjem in si lahko izberejo kak\u0161no potovanje zelite.<\/p>\n","protected":false},"excerpt":{"rendered":"<p>Nudimo dve vrsti ture. Prvi\u010d, organiziran celodnevni izlet na Kornate s veliko turisti\u010dno ladjo, v katerem je vklju\u010den vodi\u010d in kosilo. Drugi\u010d, izleti na Kornate ali Murter arhipelaga z gliserjem za manj\u0161e skupine, v tej razli\u010dici, da ste sami na ladji s skiperjem, s katerimi se pogaja o dol\u017eino in vrsto potovanja po va\u0161ih \u017eeljah. [&hellip;]<\/p>\n","protected":false},"author":1,"featured_media":0,"parent":0,"menu_order":0,"comment_status":"closed","ping_status":"closed","template":"template-izleti-arhiva.php","meta":{"_acf_changed":false,"inline_featured_image":false,"footnotes":""},"class_list":["post-651","page","type-page","status-publish","hentry"],"acf":[],"_links":{"self":[{"href":"https:\/\/murter-amfora.com\/sl\/wp-json\/wp\/v2\/pages\/651","targetHints":{"allow":["GET"]}}],"collection":[{"href":"https:\/\/murter-amfora.com\/sl\/wp-json\/wp\/v2\/pages"}],"about":[{"href":"https:\/\/murter-amfora.com\/sl\/wp-json\/wp\/v2\/types\/page"}],"author":[{"embeddable":true,"href":"https:\/\/murter-amfora.com\/sl\/wp-json\/wp\/v2\/users\/1"}],"replies":[{"embeddable":true,"href":"https:\/\/murter-amfora.com\/sl\/wp-json\/wp\/v2\/comments?post=651"}],"version-history":[{"count":4,"href":"https:\/\/murter-amfora.com\/sl\/wp-json\/wp\/v2\/pages\/651\/revisions"}],"predecessor-version":[{"id":3794,"href":"https:\/\/murter-amfora.com\/sl\/wp-json\/wp\/v2\/pages\/651\/revisions\/3794"}],"wp:attachment":[{"href":"https:\/\/murter-amfora.com\/sl\/wp-json\/wp\/v2\/media?parent=651"}],"curies":[{"name":"wp","href":"https:\/\/api.w.org\/{rel}","templated":true}]}}