{"id":991,"date":"2023-08-14T12:28:25","date_gmt":"2023-08-14T10:28:25","guid":{"rendered":"https:\/\/murter-amfora.com\/?page_id=991"},"modified":"2025-04-28T18:55:26","modified_gmt":"2025-04-28T16:55:26","slug":"apartmaji","status":"publish","type":"page","link":"https:\/\/murter-amfora.com\/sl\/apartmaji\/","title":{"rendered":"Apartmaji"},"content":{"rendered":"<p>V na\u0161i ponudbi na otoku Murterju je veliko \u0161tevilo stanovanj.<br \/>Ve\u010dina na\u0161ih apartmajih je v krajih, Betina in Murter, in imamo veliko od njih v krajih, Tisno in Jezerih.<br \/>Ve\u010dina apartmajev je klimatizirana in imajo satelitsko televizijo in brez\u017ei\u010dni internet.<br \/>Skoraj vsi apartmaji imajo parkiri\u0161\u010de v dvori\u0161\u010du.<br \/>Nekateri apartmaji se nahajajo neposredno na pla\u017ei in ima svoj zasebni privez za \u010dolnu. Cena vklju\u010duje: posteljnino, ki se menjava enkrat tedensko, brisa\u010de, posoda za kuhanje in hrano, elektriko, vodo, plin, zaklju\u010dno \u010di\u0161\u010denje.     <\/p>\n","protected":false},"excerpt":{"rendered":"<p>V na\u0161i ponudbi na otoku Murterju je veliko \u0161tevilo stanovanj.Ve\u010dina na\u0161ih apartmajih je v krajih, Betina in Murter, in imamo veliko od njih v krajih, Tisno in Jezerih.Ve\u010dina apartmajev je klimatizirana in imajo satelitsko televizijo in brez\u017ei\u010dni internet.Skoraj vsi apartmaji imajo parkiri\u0161\u010de v dvori\u0161\u010du.Nekateri apartmaji se nahajajo neposredno na pla\u017ei in ima svoj zasebni privez [&hellip;]<\/p>\n","protected":false},"author":1,"featured_media":1711,"parent":0,"menu_order":0,"comment_status":"closed","ping_status":"closed","template":"template-smjestaj-arhiva.php","meta":{"_acf_changed":false,"inline_featured_image":false,"footnotes":""},"class_list":["post-991","page","type-page","status-publish","has-post-thumbnail","hentry"],"acf":[],"_links":{"self":[{"href":"https:\/\/murter-amfora.com\/sl\/wp-json\/wp\/v2\/pages\/991","targetHints":{"allow":["GET"]}}],"collection":[{"href":"https:\/\/murter-amfora.com\/sl\/wp-json\/wp\/v2\/pages"}],"about":[{"href":"https:\/\/murter-amfora.com\/sl\/wp-json\/wp\/v2\/types\/page"}],"author":[{"embeddable":true,"href":"https:\/\/murter-amfora.com\/sl\/wp-json\/wp\/v2\/users\/1"}],"replies":[{"embeddable":true,"href":"https:\/\/murter-amfora.com\/sl\/wp-json\/wp\/v2\/comments?post=991"}],"version-history":[{"count":2,"href":"https:\/\/murter-amfora.com\/sl\/wp-json\/wp\/v2\/pages\/991\/revisions"}],"predecessor-version":[{"id":3798,"href":"https:\/\/murter-amfora.com\/sl\/wp-json\/wp\/v2\/pages\/991\/revisions\/3798"}],"wp:featuredmedia":[{"embeddable":true,"href":"https:\/\/murter-amfora.com\/sl\/wp-json\/wp\/v2\/media\/1711"}],"wp:attachment":[{"href":"https:\/\/murter-amfora.com\/sl\/wp-json\/wp\/v2\/media?parent=991"}],"curies":[{"name":"wp","href":"https:\/\/api.w.org\/{rel}","templated":true}]}}