{"id":997,"date":"2023-08-14T12:31:06","date_gmt":"2023-08-14T10:31:06","guid":{"rendered":"https:\/\/murter-amfora.com\/?page_id=997"},"modified":"2024-07-03T15:55:19","modified_gmt":"2024-07-03T13:55:19","slug":"ribiske-hise","status":"publish","type":"page","link":"https:\/\/murter-amfora.com\/sl\/ribiske-hise\/","title":{"rendered":"Ribi\u0161ke hi\u0161e na otoku Murteru i Kornatima"},"content":{"rendered":"<p>Najem <strong>ribi\u0161ke hi\u0161e<\/strong> je idealna oblika po\u010ditka za ljudi, ki \u017eelijo, da bi se izognili poletni gne\u010di in pre\u017eivljali \u010das po\u010ditnic v naravnem okolju. Ponujamo ribi\u0161ke hi\u0161e na otoku Murteru i bli\u017enjim otokima in hi\u0161e u NP Kornati.Hi\u0161e so ali izolirane ali v majhnih mjestma v katerim je majhno \u0161tevilo hi\u0161. So vse ob morju. <strong>Ribi\u0161ke hi\u0161e<\/strong> so preprosto opremljene, vendar pa so vsi imeli zelo prijetno bivanje. Elektrika iz son\u010dne energije,voda priteka prostim padom iz rezervoarja, hladilnik in \u0161tedilnik so plinski, parkiri\u0161\u010de pred hi\u0161o lastnika. Prevoz do hi\u0161e je\u00a0organiziran prek na\u0161e agencije.<\/p>\n","protected":false},"excerpt":{"rendered":"<p>Najem ribi\u0161ke hi\u0161e je idealna oblika po\u010ditka za ljudi, ki \u017eelijo, da bi se izognili poletni gne\u010di in pre\u017eivljali \u010das po\u010ditnic v naravnem okolju. Ponujamo ribi\u0161ke hi\u0161e na otoku Murteru i bli\u017enjim otokima in hi\u0161e u NP Kornati.Hi\u0161e so ali izolirane ali v majhnih mjestma v katerim je majhno \u0161tevilo hi\u0161. So vse ob morju. [&hellip;]<\/p>\n","protected":false},"author":2,"featured_media":0,"parent":0,"menu_order":0,"comment_status":"closed","ping_status":"closed","template":"template-smjestaj-arhiva.php","meta":{"_acf_changed":false,"inline_featured_image":false,"footnotes":""},"class_list":["post-997","page","type-page","status-publish","hentry"],"acf":[],"_links":{"self":[{"href":"https:\/\/murter-amfora.com\/sl\/wp-json\/wp\/v2\/pages\/997","targetHints":{"allow":["GET"]}}],"collection":[{"href":"https:\/\/murter-amfora.com\/sl\/wp-json\/wp\/v2\/pages"}],"about":[{"href":"https:\/\/murter-amfora.com\/sl\/wp-json\/wp\/v2\/types\/page"}],"author":[{"embeddable":true,"href":"https:\/\/murter-amfora.com\/sl\/wp-json\/wp\/v2\/users\/2"}],"replies":[{"embeddable":true,"href":"https:\/\/murter-amfora.com\/sl\/wp-json\/wp\/v2\/comments?post=997"}],"version-history":[{"count":2,"href":"https:\/\/murter-amfora.com\/sl\/wp-json\/wp\/v2\/pages\/997\/revisions"}],"predecessor-version":[{"id":1001,"href":"https:\/\/murter-amfora.com\/sl\/wp-json\/wp\/v2\/pages\/997\/revisions\/1001"}],"wp:attachment":[{"href":"https:\/\/murter-amfora.com\/sl\/wp-json\/wp\/v2\/media?parent=997"}],"curies":[{"name":"wp","href":"https:\/\/api.w.org\/{rel}","templated":true}]}}